{"id":409,"date":"2024-03-27T08:20:06","date_gmt":"2024-03-27T07:20:06","guid":{"rendered":"https:\/\/fetedelabio.org\/2024\/?page_id=409"},"modified":"2024-03-27T12:14:57","modified_gmt":"2024-03-27T11:14:57","slug":"temp","status":"publish","type":"page","link":"https:\/\/fetedelabio.org\/2024\/temp\/","title":{"rendered":"temp"},"content":{"rendered":"<p>[et_pb_section fb_built=\u00a0\u00bb1&Prime; _builder_version=\u00a0\u00bb4.24.0&Prime; _module_preset=\u00a0\u00bbdefault\u00a0\u00bb da_disable_devices=\u00a0\u00bboff|off|off\u00a0\u00bb global_colors_info=\u00a0\u00bb{}\u00a0\u00bb da_is_popup=\u00a0\u00bboff\u00a0\u00bb da_exit_intent=\u00a0\u00bboff\u00a0\u00bb da_has_close=\u00a0\u00bbon\u00a0\u00bb da_alt_close=\u00a0\u00bboff\u00a0\u00bb da_dark_close=\u00a0\u00bboff\u00a0\u00bb da_not_modal=\u00a0\u00bbon\u00a0\u00bb da_is_singular=\u00a0\u00bboff\u00a0\u00bb da_with_loader=\u00a0\u00bboff\u00a0\u00bb da_has_shadow=\u00a0\u00bbon\u00a0\u00bb][et_pb_row _builder_version=\u00a0\u00bb4.24.0&Prime; _module_preset=\u00a0\u00bbdefault\u00a0\u00bb global_colors_info=\u00a0\u00bb{}\u00a0\u00bb][et_pb_column type=\u00a0\u00bb4_4&Prime; _builder_version=\u00a0\u00bb4.24.0&Prime; _module_preset=\u00a0\u00bbdefault\u00a0\u00bb global_colors_info=\u00a0\u00bb{}\u00a0\u00bb][et_pb_slider show_arrows=\u00a0\u00bboff\u00a0\u00bb show_pagination=\u00a0\u00bboff\u00a0\u00bb _builder_version=\u00a0\u00bb4.24.0&Prime; _module_preset=\u00a0\u00bbdefault\u00a0\u00bb background_color=\u00a0\u00bb#000000&Prime; custom_padding=\u00a0\u00bb100px||100px||true|false\u00a0\u00bb auto=\u00a0\u00bbon\u00a0\u00bb hover_enabled=\u00a0\u00bb0&Prime; global_colors_info=\u00a0\u00bb{}\u00a0\u00bb title_text=\u00a0\u00bblebanquet\u00a0\u00bb background_image=\u00a0\u00bbhttps:\/\/fetedelabio.org\/2024\/wp-content\/uploads\/sites\/2\/2024\/03\/lebanquet.jpg\u00a0\u00bb sticky_enabled=\u00a0\u00bb0&Prime;][et_pb_slide heading=\u00a0\u00bbSpectacle th\u00e9\u00e2tral Terre V\u00e9rit\u00e9\u00a0\u00bb _builder_version=\u00a0\u00bb4.24.0&Prime; _module_preset=\u00a0\u00bbdefault\u00a0\u00bb header_line_height=\u00a0\u00bb2.1em\u00a0\u00bb body_line_height=\u00a0\u00bb1.9em\u00a0\u00bb background_color=\u00a0\u00bbrgba(0,0,0,0.32)\u00a0\u00bb background_enable_color=\u00a0\u00bbon\u00a0\u00bb background_image=\u00a0\u00bbhttps:\/\/fetedelabio.org\/2024\/wp-content\/uploads\/sites\/2\/2024\/03\/TerreDeVerite.jpg\u00a0\u00bb background_enable_image=\u00a0\u00bbon\u00a0\u00bb background_blend=\u00a0\u00bbmultiply\u00a0\u00bb header_text_shadow_style=\u00a0\u00bbpreset1&Prime; header_text_shadow_horizontal_length=\u00a0\u00bb0.2em\u00a0\u00bb header_text_shadow_vertical_length=\u00a0\u00bb0.2em\u00a0\u00bb header_text_shadow_blur_strength=\u00a0\u00bb0.31em\u00a0\u00bb header_text_shadow_color=\u00a0\u00bb#000000&Prime; body_text_shadow_style=\u00a0\u00bbpreset3&Prime; body_text_shadow_horizontal_length=\u00a0\u00bb0.2em\u00a0\u00bb body_text_shadow_vertical_length=\u00a0\u00bb0.2em\u00a0\u00bb body_text_shadow_blur_strength=\u00a0\u00bb0.38em\u00a0\u00bb body_text_shadow_color=\u00a0\u00bb#000000&Prime; global_colors_info=\u00a0\u00bb{}\u00a0\u00bb sticky_transition=\u00a0\u00bbon\u00a0\u00bb]<\/p>\n<p>Samedi 14h30-16h00 et 16h30-18h00<br \/>Dimanche 14h30-16h00 et 16h30-18h00<\/p>\n<p>Avec Corpus<\/p>\n<p><img loading=\"lazy\" decoding=\"async\" src=\"https:\/\/fetedelabio.org\/2024\/wp-content\/uploads\/sites\/2\/2024\/03\/logoCorpus.gif\" width=\"170\" height=\"205\" alt=\"\" class=\"wp-image-414 alignnone size-full\" \/><\/p>\n<p>Une pi\u00e8ce de th\u00e9\u00e2tre de Fabrice Macaux<br \/>avec les habitants du Pays de Caux<\/p>\n<p>&nbsp;<\/p>\n<p>[\/et_pb_slide][et_pb_slide heading=\u00a0\u00bbSpectacle \u00e9questre Chevaliers\u00a0\u00bb _builder_version=\u00a0\u00bb4.24.0&Prime; _module_preset=\u00a0\u00bbdefault\u00a0\u00bb header_line_height=\u00a0\u00bb2.1em\u00a0\u00bb body_line_height=\u00a0\u00bb1.9em\u00a0\u00bb background_color=\u00a0\u00bbrgba(0,0,0,0.32)\u00a0\u00bb background_enable_color=\u00a0\u00bbon\u00a0\u00bb background_image=\u00a0\u00bbhttps:\/\/fetedelabio.org\/2024\/wp-content\/uploads\/sites\/2\/2024\/03\/chevaliers.jpg\u00a0\u00bb background_enable_image=\u00a0\u00bbon\u00a0\u00bb background_blend=\u00a0\u00bbmultiply\u00a0\u00bb header_text_shadow_style=\u00a0\u00bbpreset1&Prime; header_text_shadow_horizontal_length=\u00a0\u00bb0.2em\u00a0\u00bb header_text_shadow_vertical_length=\u00a0\u00bb0.2em\u00a0\u00bb header_text_shadow_blur_strength=\u00a0\u00bb0.31em\u00a0\u00bb header_text_shadow_color=\u00a0\u00bb#000000&Prime; body_text_shadow_style=\u00a0\u00bbpreset3&Prime; body_text_shadow_horizontal_length=\u00a0\u00bb0.2em\u00a0\u00bb body_text_shadow_vertical_length=\u00a0\u00bb0.2em\u00a0\u00bb body_text_shadow_blur_strength=\u00a0\u00bb0.38em\u00a0\u00bb body_text_shadow_color=\u00a0\u00bb#000000&Prime; global_colors_info=\u00a0\u00bb{}\u00a0\u00bb sticky_transition=\u00a0\u00bbon\u00a0\u00bb]<\/p>\n<p>Samedi 15h30-16h30<\/p>\n<p>Avec L&rsquo;Art en Cavale<\/p>\n<p><img loading=\"lazy\" decoding=\"async\" src=\"https:\/\/fetedelabio.org\/2024\/wp-content\/uploads\/sites\/2\/2024\/03\/logo-lartencavale.png\" width=\"187\" height=\"187\" alt=\"\" class=\"wp-image-426 alignnone size-full\" srcset=\"https:\/\/fetedelabio.org\/2024\/wp-content\/uploads\/sites\/2\/2024\/03\/logo-lartencavale.png 320w, https:\/\/fetedelabio.org\/2024\/wp-content\/uploads\/sites\/2\/2024\/03\/logo-lartencavale-300x300.png 300w, https:\/\/fetedelabio.org\/2024\/wp-content\/uploads\/sites\/2\/2024\/03\/logo-lartencavale-150x150.png 150w\" sizes=\"(max-width: 187px) 100vw, 187px\" \/><\/p>\n<p>Le seigneur du Comt\u00e9 organise \u00a0un tournoi, o\u00f9 il convie ses meilleurs chevaliers, afin de marier sa fille. Les chevaliers s&rsquo;affrontent lors de diff\u00e9rentes \u00e9preuves. Le vainqueur gagne la main de la fille du seigneur.<br \/>Le spectacle \u00e9volue \u00a0en fonction de la participation du public. Par son vote, il d\u00e9cide qui \u00e9pouse la fille du seigneur.<\/p>\n<p>&nbsp;<\/p>\n<p>[\/et_pb_slide][et_pb_slide heading=\u00a0\u00bbSpectacle \u00e9questre Le banquet\u00a0\u00bb _builder_version=\u00a0\u00bb4.24.0&Prime; _module_preset=\u00a0\u00bbdefault\u00a0\u00bb header_line_height=\u00a0\u00bb2.1em\u00a0\u00bb body_line_height=\u00a0\u00bb1.9em\u00a0\u00bb background_color=\u00a0\u00bbrgba(0,0,0,0.32)\u00a0\u00bb background_enable_color=\u00a0\u00bbon\u00a0\u00bb background_image=\u00a0\u00bbhttps:\/\/fetedelabio.org\/2024\/wp-content\/uploads\/sites\/2\/2024\/03\/lebanquet.jpg\u00a0\u00bb background_enable_image=\u00a0\u00bbon\u00a0\u00bb background_blend=\u00a0\u00bbmultiply\u00a0\u00bb hover_enabled=\u00a0\u00bb0&Prime; header_text_shadow_style=\u00a0\u00bbpreset1&Prime; header_text_shadow_horizontal_length=\u00a0\u00bb0.2em\u00a0\u00bb header_text_shadow_vertical_length=\u00a0\u00bb0.2em\u00a0\u00bb header_text_shadow_blur_strength=\u00a0\u00bb0.31em\u00a0\u00bb header_text_shadow_color=\u00a0\u00bb#000000&Prime; body_text_shadow_style=\u00a0\u00bbpreset3&Prime; body_text_shadow_horizontal_length=\u00a0\u00bb0.2em\u00a0\u00bb body_text_shadow_vertical_length=\u00a0\u00bb0.2em\u00a0\u00bb body_text_shadow_blur_strength=\u00a0\u00bb0.38em\u00a0\u00bb body_text_shadow_color=\u00a0\u00bb#000000&Prime; global_colors_info=\u00a0\u00bb{}\u00a0\u00bb sticky_transition=\u00a0\u00bbon\u00a0\u00bb sticky_enabled=\u00a0\u00bb0&Prime; title_text=\u00a0\u00bblebanquet\u00a0\u00bb]<\/p>\n<p>Dimanche 14h00-15h00<\/p>\n<p>Avec L&rsquo;Art en Cavale<\/p>\n<p><img loading=\"lazy\" decoding=\"async\" src=\"https:\/\/fetedelabio.org\/2024\/wp-content\/uploads\/sites\/2\/2024\/03\/logo-lartencavale.png\" width=\"187\" height=\"187\" alt=\"\" class=\"wp-image-426 alignnone size-full\" srcset=\"https:\/\/fetedelabio.org\/2024\/wp-content\/uploads\/sites\/2\/2024\/03\/logo-lartencavale.png 320w, https:\/\/fetedelabio.org\/2024\/wp-content\/uploads\/sites\/2\/2024\/03\/logo-lartencavale-300x300.png 300w, https:\/\/fetedelabio.org\/2024\/wp-content\/uploads\/sites\/2\/2024\/03\/logo-lartencavale-150x150.png 150w\" sizes=\"(max-width: 187px) 100vw, 187px\" \/><\/p>\n<p>Apr\u00e8s avoir durement bataill\u00e9 pour gagner la main de M\u00e9lissandre, les chevaliers reviennent pout c\u00e9l\u00e9brer les noces d&rsquo;Enguilbert et M\u00e9lissandre. Ce n&rsquo;est pas sans compter sur l&rsquo;amour de Willibert pour M\u00e9lissandre&#8230;<br \/>Le spectacle \u00e9volue \u00a0en fonction de la participation du public. Par son vote, il d\u00e9cide qui \u00e9pouse la fille du seigneur.<\/p>\n<p>&nbsp;<\/p>\n<p>[\/et_pb_slide][\/et_pb_slider][\/et_pb_column][\/et_pb_row][\/et_pb_section]<\/p>\n","protected":false},"excerpt":{"rendered":"<p>Samedi 14h30-16h00 et 16h30-18h00Dimanche 14h30-16h00 et 16h30-18h00 Avec Corpus Une pi\u00e8ce de th\u00e9\u00e2tre de Fabrice Macauxavec les habitants du Pays de Caux &nbsp;Samedi 15h30-16h30 Avec L&rsquo;Art en Cavale Le seigneur du Comt\u00e9 organise \u00a0un tournoi, o\u00f9 il convie ses meilleurs chevaliers, afin de marier sa fille. Les chevaliers s&rsquo;affrontent lors de diff\u00e9rentes \u00e9preuves. Le vainqueur [&hellip;]<\/p>\n","protected":false},"author":1,"featured_media":0,"parent":0,"menu_order":0,"comment_status":"closed","ping_status":"closed","template":"","meta":{"_et_pb_use_builder":"on","_et_pb_old_content":"","_et_gb_content_width":"","footnotes":""},"class_list":["post-409","page","type-page","status-publish","hentry"],"yoast_head":"<!-- This site is optimized with the Yoast SEO plugin v24.2 - https:\/\/yoast.com\/wordpress\/plugins\/seo\/ -->\n<title>temp - La F\u00eate de la Bio - \u00c9dition 2024<\/title>\n<meta name=\"robots\" content=\"index, follow, max-snippet:-1, max-image-preview:large, max-video-preview:-1\" \/>\n<link rel=\"canonical\" href=\"https:\/\/fetedelabio.org\/2024\/temp\/\" \/>\n<meta property=\"og:locale\" content=\"fr_FR\" \/>\n<meta property=\"og:type\" content=\"article\" \/>\n<meta property=\"og:title\" content=\"temp - La F\u00eate de la Bio - \u00c9dition 2024\" \/>\n<meta property=\"og:description\" content=\"Samedi 14h30-16h00 et 16h30-18h00Dimanche 14h30-16h00 et 16h30-18h00 Avec Corpus Une pi\u00e8ce de th\u00e9\u00e2tre de Fabrice Macauxavec les habitants du Pays de Caux &nbsp;Samedi 15h30-16h30 Avec L&#039;Art en Cavale Le seigneur du Comt\u00e9 organise \u00a0un tournoi, o\u00f9 il convie ses meilleurs chevaliers, afin de marier sa fille. Les chevaliers s&#039;affrontent lors de diff\u00e9rentes \u00e9preuves. Le vainqueur [&hellip;]\" \/>\n<meta property=\"og:url\" content=\"https:\/\/fetedelabio.org\/2024\/temp\/\" \/>\n<meta property=\"og:site_name\" content=\"La F\u00eate de la Bio - \u00c9dition 2024\" \/>\n<meta property=\"article:modified_time\" content=\"2024-03-27T11:14:57+00:00\" \/>\n<meta property=\"og:image\" content=\"https:\/\/fetedelabio.org\/2024\/wp-content\/uploads\/sites\/2\/2024\/03\/logoCorpus.gif\" \/>\n<meta name=\"twitter:card\" content=\"summary_large_image\" \/>\n<script type=\"application\/ld+json\" class=\"yoast-schema-graph\">{\"@context\":\"https:\/\/schema.org\",\"@graph\":[{\"@type\":\"WebPage\",\"@id\":\"https:\/\/fetedelabio.org\/2024\/temp\/\",\"url\":\"https:\/\/fetedelabio.org\/2024\/temp\/\",\"name\":\"temp - La F\u00eate de la Bio - \u00c9dition 2024\",\"isPartOf\":{\"@id\":\"https:\/\/fetedelabio.org\/2024\/#website\"},\"primaryImageOfPage\":{\"@id\":\"https:\/\/fetedelabio.org\/2024\/temp\/#primaryimage\"},\"image\":{\"@id\":\"https:\/\/fetedelabio.org\/2024\/temp\/#primaryimage\"},\"thumbnailUrl\":\"https:\/\/fetedelabio.org\/2024\/wp-content\/uploads\/sites\/2\/2024\/03\/logoCorpus.gif\",\"datePublished\":\"2024-03-27T07:20:06+00:00\",\"dateModified\":\"2024-03-27T11:14:57+00:00\",\"breadcrumb\":{\"@id\":\"https:\/\/fetedelabio.org\/2024\/temp\/#breadcrumb\"},\"inLanguage\":\"fr-FR\",\"potentialAction\":[{\"@type\":\"ReadAction\",\"target\":[\"https:\/\/fetedelabio.org\/2024\/temp\/\"]}]},{\"@type\":\"ImageObject\",\"inLanguage\":\"fr-FR\",\"@id\":\"https:\/\/fetedelabio.org\/2024\/temp\/#primaryimage\",\"url\":\"https:\/\/fetedelabio.org\/2024\/wp-content\/uploads\/sites\/2\/2024\/03\/logoCorpus.gif\",\"contentUrl\":\"https:\/\/fetedelabio.org\/2024\/wp-content\/uploads\/sites\/2\/2024\/03\/logoCorpus.gif\",\"width\":170,\"height\":205},{\"@type\":\"BreadcrumbList\",\"@id\":\"https:\/\/fetedelabio.org\/2024\/temp\/#breadcrumb\",\"itemListElement\":[{\"@type\":\"ListItem\",\"position\":1,\"name\":\"Accueil\",\"item\":\"https:\/\/fetedelabio.org\/2024\/\"},{\"@type\":\"ListItem\",\"position\":2,\"name\":\"temp\"}]},{\"@type\":\"WebSite\",\"@id\":\"https:\/\/fetedelabio.org\/2024\/#website\",\"url\":\"https:\/\/fetedelabio.org\/2024\/\",\"name\":\"La F\u00eate de la Bio - \u00c9dition 2024\",\"description\":\"Aux Trois Pierres, en Seine Maritime\",\"potentialAction\":[{\"@type\":\"SearchAction\",\"target\":{\"@type\":\"EntryPoint\",\"urlTemplate\":\"https:\/\/fetedelabio.org\/2024\/?s={search_term_string}\"},\"query-input\":{\"@type\":\"PropertyValueSpecification\",\"valueRequired\":true,\"valueName\":\"search_term_string\"}}],\"inLanguage\":\"fr-FR\"}]}<\/script>\n<!-- \/ Yoast SEO plugin. -->","yoast_head_json":{"title":"temp - La F\u00eate de la Bio - \u00c9dition 2024","robots":{"index":"index","follow":"follow","max-snippet":"max-snippet:-1","max-image-preview":"max-image-preview:large","max-video-preview":"max-video-preview:-1"},"canonical":"https:\/\/fetedelabio.org\/2024\/temp\/","og_locale":"fr_FR","og_type":"article","og_title":"temp - La F\u00eate de la Bio - \u00c9dition 2024","og_description":"Samedi 14h30-16h00 et 16h30-18h00Dimanche 14h30-16h00 et 16h30-18h00 Avec Corpus Une pi\u00e8ce de th\u00e9\u00e2tre de Fabrice Macauxavec les habitants du Pays de Caux &nbsp;Samedi 15h30-16h30 Avec L'Art en Cavale Le seigneur du Comt\u00e9 organise \u00a0un tournoi, o\u00f9 il convie ses meilleurs chevaliers, afin de marier sa fille. Les chevaliers s'affrontent lors de diff\u00e9rentes \u00e9preuves. Le vainqueur [&hellip;]","og_url":"https:\/\/fetedelabio.org\/2024\/temp\/","og_site_name":"La F\u00eate de la Bio - \u00c9dition 2024","article_modified_time":"2024-03-27T11:14:57+00:00","og_image":[{"url":"https:\/\/fetedelabio.org\/2024\/wp-content\/uploads\/sites\/2\/2024\/03\/logoCorpus.gif","type":"","width":"","height":""}],"twitter_card":"summary_large_image","schema":{"@context":"https:\/\/schema.org","@graph":[{"@type":"WebPage","@id":"https:\/\/fetedelabio.org\/2024\/temp\/","url":"https:\/\/fetedelabio.org\/2024\/temp\/","name":"temp - La F\u00eate de la Bio - \u00c9dition 2024","isPartOf":{"@id":"https:\/\/fetedelabio.org\/2024\/#website"},"primaryImageOfPage":{"@id":"https:\/\/fetedelabio.org\/2024\/temp\/#primaryimage"},"image":{"@id":"https:\/\/fetedelabio.org\/2024\/temp\/#primaryimage"},"thumbnailUrl":"https:\/\/fetedelabio.org\/2024\/wp-content\/uploads\/sites\/2\/2024\/03\/logoCorpus.gif","datePublished":"2024-03-27T07:20:06+00:00","dateModified":"2024-03-27T11:14:57+00:00","breadcrumb":{"@id":"https:\/\/fetedelabio.org\/2024\/temp\/#breadcrumb"},"inLanguage":"fr-FR","potentialAction":[{"@type":"ReadAction","target":["https:\/\/fetedelabio.org\/2024\/temp\/"]}]},{"@type":"ImageObject","inLanguage":"fr-FR","@id":"https:\/\/fetedelabio.org\/2024\/temp\/#primaryimage","url":"https:\/\/fetedelabio.org\/2024\/wp-content\/uploads\/sites\/2\/2024\/03\/logoCorpus.gif","contentUrl":"https:\/\/fetedelabio.org\/2024\/wp-content\/uploads\/sites\/2\/2024\/03\/logoCorpus.gif","width":170,"height":205},{"@type":"BreadcrumbList","@id":"https:\/\/fetedelabio.org\/2024\/temp\/#breadcrumb","itemListElement":[{"@type":"ListItem","position":1,"name":"Accueil","item":"https:\/\/fetedelabio.org\/2024\/"},{"@type":"ListItem","position":2,"name":"temp"}]},{"@type":"WebSite","@id":"https:\/\/fetedelabio.org\/2024\/#website","url":"https:\/\/fetedelabio.org\/2024\/","name":"La F\u00eate de la Bio - \u00c9dition 2024","description":"Aux Trois Pierres, en Seine Maritime","potentialAction":[{"@type":"SearchAction","target":{"@type":"EntryPoint","urlTemplate":"https:\/\/fetedelabio.org\/2024\/?s={search_term_string}"},"query-input":{"@type":"PropertyValueSpecification","valueRequired":true,"valueName":"search_term_string"}}],"inLanguage":"fr-FR"}]}},"_links":{"self":[{"href":"https:\/\/fetedelabio.org\/2024\/wp-json\/wp\/v2\/pages\/409","targetHints":{"allow":["GET"]}}],"collection":[{"href":"https:\/\/fetedelabio.org\/2024\/wp-json\/wp\/v2\/pages"}],"about":[{"href":"https:\/\/fetedelabio.org\/2024\/wp-json\/wp\/v2\/types\/page"}],"author":[{"embeddable":true,"href":"https:\/\/fetedelabio.org\/2024\/wp-json\/wp\/v2\/users\/1"}],"replies":[{"embeddable":true,"href":"https:\/\/fetedelabio.org\/2024\/wp-json\/wp\/v2\/comments?post=409"}],"version-history":[{"count":5,"href":"https:\/\/fetedelabio.org\/2024\/wp-json\/wp\/v2\/pages\/409\/revisions"}],"predecessor-version":[{"id":434,"href":"https:\/\/fetedelabio.org\/2024\/wp-json\/wp\/v2\/pages\/409\/revisions\/434"}],"wp:attachment":[{"href":"https:\/\/fetedelabio.org\/2024\/wp-json\/wp\/v2\/media?parent=409"}],"curies":[{"name":"wp","href":"https:\/\/api.w.org\/{rel}","templated":true}]}}