{"id":355,"date":"2025-04-30T23:16:53","date_gmt":"2025-04-30T21:16:53","guid":{"rendered":"https:\/\/fetedelabio.org\/2025\/?page_id=355"},"modified":"2025-05-24T16:54:27","modified_gmt":"2025-05-24T14:54:27","slug":"concerts","status":"publish","type":"page","link":"https:\/\/fetedelabio.org\/2025\/concerts\/","title":{"rendered":"Concerts"},"content":{"rendered":"<p>[et_pb_section fb_built=\u00a0\u00bb1&Prime; _builder_version=\u00a0\u00bb4.27.4&Prime; _module_preset=\u00a0\u00bbdefault\u00a0\u00bb background_color=\u00a0\u00bb#ffd149&Prime; background_image=\u00a0\u00bbhttps:\/\/fetedelabio.org\/2025\/wp-content\/uploads\/sites\/3\/2025\/03\/Banniere-facebook.png\u00a0\u00bb min_height=\u00a0\u00bb491.8px\u00a0\u00bb custom_margin=\u00a0\u00bb||52px|||\u00a0\u00bb custom_padding=\u00a0\u00bb|518px|0px|||\u00a0\u00bb da_disable_devices=\u00a0\u00bboff|off|off\u00a0\u00bb global_colors_info=\u00a0\u00bb{}\u00a0\u00bb da_is_popup=\u00a0\u00bboff\u00a0\u00bb da_exit_intent=\u00a0\u00bboff\u00a0\u00bb da_has_close=\u00a0\u00bbon\u00a0\u00bb da_alt_close=\u00a0\u00bboff\u00a0\u00bb da_dark_close=\u00a0\u00bboff\u00a0\u00bb da_not_modal=\u00a0\u00bbon\u00a0\u00bb da_is_singular=\u00a0\u00bboff\u00a0\u00bb da_with_loader=\u00a0\u00bboff\u00a0\u00bb da_has_shadow=\u00a0\u00bbon\u00a0\u00bb][et_pb_row _builder_version=\u00a0\u00bb4.27.4&Prime; _module_preset=\u00a0\u00bbdefault\u00a0\u00bb global_colors_info=\u00a0\u00bb{}\u00a0\u00bb][et_pb_column type=\u00a0\u00bb4_4&Prime; _builder_version=\u00a0\u00bb4.27.4&Prime; _module_preset=\u00a0\u00bbdefault\u00a0\u00bb global_colors_info=\u00a0\u00bb{}\u00a0\u00bb][et_pb_text _builder_version=\u00a0\u00bb4.27.4&Prime; _module_preset=\u00a0\u00bbdefault\u00a0\u00bb text_font=\u00a0\u00bbBona Nova||||||||\u00a0\u00bb text_text_color=\u00a0\u00bb#5bbc1a\u00a0\u00bb text_font_size=\u00a0\u00bb100px\u00a0\u00bb text_letter_spacing=\u00a0\u00bb14px\u00a0\u00bb text_line_height=\u00a0\u00bb2em\u00a0\u00bb width=\u00a0\u00bb100%\u00a0\u00bb custom_margin=\u00a0\u00bb||-74px|||\u00a0\u00bb custom_padding=\u00a0\u00bb||136px|||\u00a0\u00bb global_colors_info=\u00a0\u00bb{}\u00a0\u00bb]<\/p>\n<p style=\"text-align: center\">CONCERTS<\/p>\n<p>[\/et_pb_text][\/et_pb_column][\/et_pb_row][et_pb_row column_structure=\u00a0\u00bb1_2,1_2&Prime; _builder_version=\u00a0\u00bb4.27.4&Prime; _module_preset=\u00a0\u00bbdefault\u00a0\u00bb global_colors_info=\u00a0\u00bb{}\u00a0\u00bb][et_pb_column type=\u00a0\u00bb1_2&Prime; _builder_version=\u00a0\u00bb4.27.4&Prime; _module_preset=\u00a0\u00bbdefault\u00a0\u00bb global_colors_info=\u00a0\u00bb{}\u00a0\u00bb][et_pb_text _builder_version=\u00a0\u00bb4.27.4&Prime; _module_preset=\u00a0\u00bbdefault\u00a0\u00bb text_text_color=\u00a0\u00bb#398e15&Prime; text_font_size=\u00a0\u00bb24px\u00a0\u00bb width=\u00a0\u00bb88.3%\u00a0\u00bb global_colors_info=\u00a0\u00bb{}\u00a0\u00bb]<\/p>\n<p><strong>SAMEDI SOIR <\/strong><\/p>\n<p><strong>\u00e0 partir de 19h00<\/strong><\/p>\n<p><strong>DIMANCHE<\/strong><\/p>\n<p><strong>Bal \u00e0 partir de 16h00<\/strong><\/p>\n<p>&nbsp;<\/p>\n<p>[\/et_pb_text][\/et_pb_column][et_pb_column type=\u00a0\u00bb1_2&Prime; _builder_version=\u00a0\u00bb4.27.4&Prime; _module_preset=\u00a0\u00bbdefault\u00a0\u00bb global_colors_info=\u00a0\u00bb{}\u00a0\u00bb][\/et_pb_column][\/et_pb_row][et_pb_row _builder_version=\u00a0\u00bb4.27.4&Prime; _module_preset=\u00a0\u00bbdefault\u00a0\u00bb global_colors_info=\u00a0\u00bb{}\u00a0\u00bb][et_pb_column type=\u00a0\u00bb4_4&Prime; _builder_version=\u00a0\u00bb4.27.4&Prime; _module_preset=\u00a0\u00bbdefault\u00a0\u00bb global_colors_info=\u00a0\u00bb{}\u00a0\u00bb][\/et_pb_column][\/et_pb_row][\/et_pb_section][et_pb_section fb_built=\u00a0\u00bb1&Prime; _builder_version=\u00a0\u00bb4.27.4&Prime; _module_preset=\u00a0\u00bbdefault\u00a0\u00bb background_color=\u00a0\u00bbrgba(224,199,145,0.96)\u00a0\u00bb min_height=\u00a0\u00bb359.6px\u00a0\u00bb custom_margin=\u00a0\u00bb-54px|||||\u00a0\u00bb da_disable_devices=\u00a0\u00bboff|off|off\u00a0\u00bb global_colors_info=\u00a0\u00bb{}\u00a0\u00bb da_is_popup=\u00a0\u00bboff\u00a0\u00bb da_exit_intent=\u00a0\u00bboff\u00a0\u00bb da_has_close=\u00a0\u00bbon\u00a0\u00bb da_alt_close=\u00a0\u00bboff\u00a0\u00bb da_dark_close=\u00a0\u00bboff\u00a0\u00bb da_not_modal=\u00a0\u00bbon\u00a0\u00bb da_is_singular=\u00a0\u00bboff\u00a0\u00bb da_with_loader=\u00a0\u00bboff\u00a0\u00bb da_has_shadow=\u00a0\u00bbon\u00a0\u00bb][et_pb_row column_structure=\u00a0\u00bb1_2,1_2&Prime; _builder_version=\u00a0\u00bb4.27.4&Prime; _module_preset=\u00a0\u00bbdefault\u00a0\u00bb background_color=\u00a0\u00bbrgba(224,199,145,0.96)\u00a0\u00bb global_colors_info=\u00a0\u00bb{}\u00a0\u00bb][et_pb_column type=\u00a0\u00bb1_2&Prime; _builder_version=\u00a0\u00bb4.27.4&Prime; _module_preset=\u00a0\u00bbdefault\u00a0\u00bb global_colors_info=\u00a0\u00bb{}\u00a0\u00bb][et_pb_image src=\u00a0\u00bbhttps:\/\/fetedelabio.org\/2025\/wp-content\/uploads\/sites\/3\/2025\/04\/Pelican-dream.jpg\u00a0\u00bb title_text=\u00a0\u00bbSAMEDI 14 juin d\u00e8s 10H &#8211; 1&Prime; _builder_version=\u00a0\u00bb4.27.4&Prime; _module_preset=\u00a0\u00bbdefault\u00a0\u00bb width=\u00a0\u00bb86%\u00a0\u00bb global_colors_info=\u00a0\u00bb{}\u00a0\u00bb][\/et_pb_image][\/et_pb_column][et_pb_column type=\u00a0\u00bb1_2&Prime; _builder_version=\u00a0\u00bb4.27.4&Prime; _module_preset=\u00a0\u00bbdefault\u00a0\u00bb global_colors_info=\u00a0\u00bb{}\u00a0\u00bb][et_pb_text _builder_version=\u00a0\u00bb4.27.4&Prime; _module_preset=\u00a0\u00bbdefault\u00a0\u00bb text_font=\u00a0\u00bbMontserrat|800|||||||\u00a0\u00bb text_text_color=\u00a0\u00bb#018748&Prime; header_text_color=\u00a0\u00bb#7CDA24&Prime; header_font_size=\u00a0\u00bb92px\u00a0\u00bb width=\u00a0\u00bb99%\u00a0\u00bb inline_fonts=\u00a0\u00bbMontserrat\u00a0\u00bb global_colors_info=\u00a0\u00bb{}\u00a0\u00bb]<\/p>\n<h2 style=\"text-align: left\"><strong><span style=\"font-family: Montserrat;font-size: large\">SAMEDI 19h00<\/span><\/strong><\/h2>\n<h1 style=\"text-align: center\"><span style=\"font-size: xx-large;font-family: Montserrat;color: #018748\"><\/span><\/h1>\n<h1 style=\"text-align: center\"><strong><span style=\"font-size: xx-large;font-family: Montserrat;color: #018748\">Pelican Dreams<\/span><\/strong><\/h1>\n<p><span style=\"font-family: Montserrat;font-weight: normal;font-size: xx-large\">\u00a0<\/span><\/p>\n<p>Groupe de pop-folk acoustique<\/p>\n<p>https:\/\/www.facebook.com\/p\/Pelican-Dreams-100077784666339\/<\/p>\n<p>[\/et_pb_text][\/et_pb_column][\/et_pb_row][\/et_pb_section][et_pb_section fb_built=\u00a0\u00bb1&Prime; _builder_version=\u00a0\u00bb4.27.4&Prime; _module_preset=\u00a0\u00bbdefault\u00a0\u00bb background_color=\u00a0\u00bbrgba(224,199,145,0.96)\u00a0\u00bb min_height=\u00a0\u00bb359.6px\u00a0\u00bb custom_margin=\u00a0\u00bb-54px|||||\u00a0\u00bb da_disable_devices=\u00a0\u00bboff|off|off\u00a0\u00bb global_colors_info=\u00a0\u00bb{}\u00a0\u00bb da_is_popup=\u00a0\u00bboff\u00a0\u00bb da_exit_intent=\u00a0\u00bboff\u00a0\u00bb da_has_close=\u00a0\u00bbon\u00a0\u00bb da_alt_close=\u00a0\u00bboff\u00a0\u00bb da_dark_close=\u00a0\u00bboff\u00a0\u00bb da_not_modal=\u00a0\u00bbon\u00a0\u00bb da_is_singular=\u00a0\u00bboff\u00a0\u00bb da_with_loader=\u00a0\u00bboff\u00a0\u00bb da_has_shadow=\u00a0\u00bbon\u00a0\u00bb][et_pb_row column_structure=\u00a0\u00bb1_2,1_2&Prime; _builder_version=\u00a0\u00bb4.27.4&Prime; _module_preset=\u00a0\u00bbdefault\u00a0\u00bb background_color=\u00a0\u00bbrgba(224,199,145,0.96)\u00a0\u00bb global_colors_info=\u00a0\u00bb{}\u00a0\u00bb][et_pb_column type=\u00a0\u00bb1_2&Prime; _builder_version=\u00a0\u00bb4.27.4&Prime; _module_preset=\u00a0\u00bbdefault\u00a0\u00bb global_colors_info=\u00a0\u00bb{}\u00a0\u00bb][et_pb_image src=\u00a0\u00bbhttps:\/\/fetedelabio.org\/2025\/wp-content\/uploads\/sites\/3\/2025\/04\/Affiche-Si-Senior-2.jpg\u00a0\u00bb title_text=\u00a0\u00bbAffiche Harsh &#8211; 1&Prime; _builder_version=\u00a0\u00bb4.27.4&Prime; _module_preset=\u00a0\u00bbdefault\u00a0\u00bb width=\u00a0\u00bb86%\u00a0\u00bb global_colors_info=\u00a0\u00bb{}\u00a0\u00bb][\/et_pb_image][\/et_pb_column][et_pb_column type=\u00a0\u00bb1_2&Prime; _builder_version=\u00a0\u00bb4.27.4&Prime; _module_preset=\u00a0\u00bbdefault\u00a0\u00bb global_colors_info=\u00a0\u00bb{}\u00a0\u00bb][et_pb_text _builder_version=\u00a0\u00bb4.27.4&Prime; _module_preset=\u00a0\u00bbdefault\u00a0\u00bb text_font=\u00a0\u00bbMontserrat|800|||||||\u00a0\u00bb text_text_color=\u00a0\u00bb#018748&Prime; header_text_color=\u00a0\u00bb#7CDA24&Prime; header_font_size=\u00a0\u00bb92px\u00a0\u00bb width=\u00a0\u00bb99%\u00a0\u00bb inline_fonts=\u00a0\u00bbMontserrat\u00a0\u00bb global_colors_info=\u00a0\u00bb{}\u00a0\u00bb]<\/p>\n<h2 style=\"text-align: left\"><strong><span style=\"font-family: Montserrat;font-size: large\"><\/span><\/strong><\/h2>\n<h2 style=\"text-align: left\"><strong><span style=\"font-family: Montserrat;font-size: large\">SAMEDI 20h30<\/span><\/strong><\/h2>\n<h1 style=\"text-align: center\"><span style=\"font-size: xx-large;font-family: Montserrat;color: #018748\"><\/span><\/h1>\n<h1 style=\"text-align: center\"><strong><span style=\"font-size: xx-large;font-family: Montserrat;color: #018748\">Si Senior<br \/><\/span><\/strong><\/h1>\n<p>Si Senior est n\u00e9 de la rencontre entre deux guitaristes de Rouen aux parcours oppos\u00e9s pour fusionner en un duo atypique. \u00c0 deux guitares classiques, leur musique se d\u00e9marque par une \u00e9nergie organique et une approche singuli\u00e8re de leur instrument.<\/p>\n<p>En septembre 2024, ils sortent leur nouvel EP The Downest Afterparty et organisent leur Release Party au Kalif, salle de concert \u00e0 Rouen. Ils effectuent une r\u00e9sidence<br \/>pour la cr\u00e9ation d&rsquo;un nouveau spectacle et \u00e9largissent leur entourage professionnel. Leur apparition \u00e0 l&rsquo;\u00c9t\u00e9 Indien aux Nefs \u00e0 Nantes en octobre est une nouvelle \u00e9tape vers une expansion nationale.<\/p>\n<p>Leurs influences : Rodrigo y Gabriela, Carpenter Brut, La P\u2019tite Fum\u00e9e, Muse<\/p>\n<p>https:\/\/www.facebook.com\/siseniorduo\/?locale=fr_FR<\/p>\n<p>&nbsp;<\/p>\n<p>[\/et_pb_text][\/et_pb_column][\/et_pb_row][\/et_pb_section][et_pb_section fb_built=\u00a0\u00bb1&Prime; _builder_version=\u00a0\u00bb4.27.4&Prime; _module_preset=\u00a0\u00bbdefault\u00a0\u00bb background_color=\u00a0\u00bbrgba(224,199,145,0.96)\u00a0\u00bb min_height=\u00a0\u00bb359.6px\u00a0\u00bb custom_margin=\u00a0\u00bb-54px|||||\u00a0\u00bb da_disable_devices=\u00a0\u00bboff|off|off\u00a0\u00bb global_colors_info=\u00a0\u00bb{}\u00a0\u00bb da_is_popup=\u00a0\u00bboff\u00a0\u00bb da_exit_intent=\u00a0\u00bboff\u00a0\u00bb da_has_close=\u00a0\u00bbon\u00a0\u00bb da_alt_close=\u00a0\u00bboff\u00a0\u00bb da_dark_close=\u00a0\u00bboff\u00a0\u00bb da_not_modal=\u00a0\u00bbon\u00a0\u00bb da_is_singular=\u00a0\u00bboff\u00a0\u00bb da_with_loader=\u00a0\u00bboff\u00a0\u00bb da_has_shadow=\u00a0\u00bbon\u00a0\u00bb][et_pb_row column_structure=\u00a0\u00bb1_2,1_2&Prime; _builder_version=\u00a0\u00bb4.27.4&Prime; _module_preset=\u00a0\u00bbdefault\u00a0\u00bb background_color=\u00a0\u00bbrgba(224,199,145,0.96)\u00a0\u00bb global_colors_info=\u00a0\u00bb{}\u00a0\u00bb][et_pb_column type=\u00a0\u00bb1_2&Prime; _builder_version=\u00a0\u00bb4.27.4&Prime; _module_preset=\u00a0\u00bbdefault\u00a0\u00bb global_colors_info=\u00a0\u00bb{}\u00a0\u00bb][et_pb_image src=\u00a0\u00bbhttps:\/\/fetedelabio.org\/2025\/wp-content\/uploads\/sites\/3\/2025\/04\/Affiche-Harsh.jpg\u00a0\u00bb title_text=\u00a0\u00bbAffiche Harsh &#8211; 1&Prime; _builder_version=\u00a0\u00bb4.27.4&Prime; _module_preset=\u00a0\u00bbdefault\u00a0\u00bb width=\u00a0\u00bb86%\u00a0\u00bb global_colors_info=\u00a0\u00bb{}\u00a0\u00bb][\/et_pb_image][\/et_pb_column][et_pb_column type=\u00a0\u00bb1_2&Prime; _builder_version=\u00a0\u00bb4.27.4&Prime; _module_preset=\u00a0\u00bbdefault\u00a0\u00bb global_colors_info=\u00a0\u00bb{}\u00a0\u00bb][et_pb_text _builder_version=\u00a0\u00bb4.27.4&Prime; _module_preset=\u00a0\u00bbdefault\u00a0\u00bb text_font=\u00a0\u00bbMontserrat|800|||||||\u00a0\u00bb text_text_color=\u00a0\u00bb#018748&Prime; header_text_color=\u00a0\u00bb#7CDA24&Prime; header_font_size=\u00a0\u00bb92px\u00a0\u00bb width=\u00a0\u00bb99%\u00a0\u00bb inline_fonts=\u00a0\u00bbMontserrat\u00a0\u00bb global_colors_info=\u00a0\u00bb{}\u00a0\u00bb]<\/p>\n<h2 style=\"text-align: left\"><strong><span style=\"font-family: Montserrat;font-size: large\"><\/span><span style=\"font-family: Montserrat;font-size: large\">SAMEDI 22h30<\/span><\/strong><\/h2>\n<h1 style=\"text-align: center\"><span style=\"font-size: xx-large;font-family: Montserrat;color: #018748\"><\/span><\/h1>\n<h1 style=\"text-align: center\"><strong><span style=\"font-size: xx-large;font-family: Montserrat;color: #018748\">Harsh<br \/><\/span><\/strong><\/h1>\n<p>C&rsquo;est aux effluves vertigineuses d&rsquo;un Jack Daniel&rsquo;s pos\u00e9 contre l&rsquo;ampli, aux guitares satur\u00e9es rencontrant les leggings l\u00e9opard, et par la passion sc\u00e9nique fr\u00e9n\u00e9tique que l&rsquo;on devine le style glam typique du groupe parisien, form\u00e9 par des jeunes d&rsquo;une vingtaine d&rsquo;ann\u00e9es.<\/p>\n<p>Leurs influences ? Les vieux vinyles us\u00e9s et embaum\u00e9s d&rsquo;un parfum de bi\u00e8re de Van Halen, Guns N&rsquo; Roses, Bon Jovi, Motley Crue&#8230; Toutes ces r\u00e9f\u00e9rences qui feront que le groupe provoquera un ouragan de distorsion, nous ramenant directement \u00e0 l&rsquo;\u00e2ge d&rsquo;or des ann\u00e9es 80. <br \/>Le groupe a enregistr\u00e9 son premier EP : \u00ab\u00a0Slave\u00a0\u00bb, sorti depuis le 13 octobre 2018, puis a sorti \u00ab\u00a0Good Lovin'\u00a0\u00bb en janvier 2022, c&rsquo;est le premier single du dernier CD \u00ab\u00a0Out Of Control\u00a0\u00bb !<br \/>Harsh a jou\u00e9 \u00e0 travers l&rsquo;Europe et le Royaume-Uni en tant que groupe principal en tourn\u00e9e, ou en premi\u00e8re partie d&rsquo;artistes internationaux comme \u00ab\u00a0Inglorious\u00a0\u00bb, et est annonc\u00e9 sur la tourn\u00e9e europ\u00e9enne de \u00ab\u00a0Loudness\u00a0\u00bb et \u00ab\u00a0Anvil\u00a0\u00bb en 2022 \/ 2023<\/p>\n<p>&nbsp;<\/p>\n<p>https:\/\/www.facebook.com\/bandHARSH\/?locale=fr_FR<\/p>\n<p>[\/et_pb_text][\/et_pb_column][\/et_pb_row][\/et_pb_section][et_pb_section fb_built=\u00a0\u00bb1&Prime; _builder_version=\u00a0\u00bb4.27.4&Prime; _module_preset=\u00a0\u00bbdefault\u00a0\u00bb background_color=\u00a0\u00bbrgba(224,199,145,0.96)\u00a0\u00bb min_height=\u00a0\u00bb359.6px\u00a0\u00bb custom_margin=\u00a0\u00bb-54px|||||\u00a0\u00bb da_disable_devices=\u00a0\u00bboff|off|off\u00a0\u00bb global_colors_info=\u00a0\u00bb{}\u00a0\u00bb da_is_popup=\u00a0\u00bboff\u00a0\u00bb da_exit_intent=\u00a0\u00bboff\u00a0\u00bb da_has_close=\u00a0\u00bbon\u00a0\u00bb da_alt_close=\u00a0\u00bboff\u00a0\u00bb da_dark_close=\u00a0\u00bboff\u00a0\u00bb da_not_modal=\u00a0\u00bbon\u00a0\u00bb da_is_singular=\u00a0\u00bboff\u00a0\u00bb da_with_loader=\u00a0\u00bboff\u00a0\u00bb da_has_shadow=\u00a0\u00bbon\u00a0\u00bb][et_pb_row column_structure=\u00a0\u00bb1_2,1_2&Prime; _builder_version=\u00a0\u00bb4.27.4&Prime; _module_preset=\u00a0\u00bbdefault\u00a0\u00bb background_color=\u00a0\u00bbrgba(224,199,145,0.96)\u00a0\u00bb global_colors_info=\u00a0\u00bb{}\u00a0\u00bb][et_pb_column type=\u00a0\u00bb1_2&Prime; _builder_version=\u00a0\u00bb4.27.4&Prime; _module_preset=\u00a0\u00bbdefault\u00a0\u00bb global_colors_info=\u00a0\u00bb{}\u00a0\u00bb][et_pb_image src=\u00a0\u00bbhttps:\/\/fetedelabio.org\/2025\/wp-content\/uploads\/sites\/3\/2025\/05\/Bal-Mary-and-the-Bug-3.jpg\u00a0\u00bb _builder_version=\u00a0\u00bb4.27.4&Prime; _module_preset=\u00a0\u00bbdefault\u00a0\u00bb title_text=\u00a0\u00bbBal Mary and the Bug &#8211; 1&Prime; hover_enabled=\u00a0\u00bb0&Prime; sticky_enabled=\u00a0\u00bb0&Prime;][\/et_pb_image][\/et_pb_column][et_pb_column type=\u00a0\u00bb1_2&Prime; _builder_version=\u00a0\u00bb4.27.4&Prime; _module_preset=\u00a0\u00bbdefault\u00a0\u00bb global_colors_info=\u00a0\u00bb{}\u00a0\u00bb][et_pb_text _builder_version=\u00a0\u00bb4.27.4&Prime; _module_preset=\u00a0\u00bbdefault\u00a0\u00bb text_font=\u00a0\u00bbMontserrat|800|||||||\u00a0\u00bb text_text_color=\u00a0\u00bb#018748&Prime; header_text_color=\u00a0\u00bb#7CDA24&Prime; header_font_size=\u00a0\u00bb92px\u00a0\u00bb width=\u00a0\u00bb99%\u00a0\u00bb inline_fonts=\u00a0\u00bbMontserrat\u00a0\u00bb global_colors_info=\u00a0\u00bb{}\u00a0\u00bb]<\/p>\n<h2 style=\"text-align: left\"><strong><span style=\"font-family: Montserrat;font-size: large\"><\/span><span style=\"font-family: Montserrat;font-size: large\">DIMANCHE 16h00 : Bal <br \/><\/span><\/strong><\/h2>\n<h1 style=\"text-align: center\"><span style=\"font-size: xx-large;font-family: Montserrat;color: #018748\"><\/span><\/h1>\n<h1 style=\"text-align: center\"><strong><span style=\"font-size: xx-large;font-family: Montserrat;color: #018748\">Mary and the Bugs<br \/><\/span><\/strong><\/h1>\n<p>&nbsp;<\/p>\n<p>https:\/\/www.facebook.com\/MaryAndTheBugs<\/p>\n<p>[\/et_pb_text][\/et_pb_column][\/et_pb_row][\/et_pb_section]<\/p>\n","protected":false},"excerpt":{"rendered":"<p>CONCERTSSAMEDI SOIR \u00e0 partir de 19h00 DIMANCHE Bal \u00e0 partir de 16h00 &nbsp;SAMEDI 19h00 Pelican Dreams \u00a0 Groupe de pop-folk acoustique https:\/\/www.facebook.com\/p\/Pelican-Dreams-100077784666339\/ SAMEDI 20h30 Si Senior Si Senior est n\u00e9 de la rencontre entre deux guitaristes de Rouen aux parcours oppos\u00e9s pour fusionner en un duo atypique. \u00c0 deux guitares classiques, leur musique se d\u00e9marque [&hellip;]<\/p>\n","protected":false},"author":2,"featured_media":0,"parent":0,"menu_order":0,"comment_status":"closed","ping_status":"closed","template":"","meta":{"_et_pb_use_builder":"on","_et_pb_old_content":"","_et_gb_content_width":"","footnotes":""},"class_list":["post-355","page","type-page","status-publish","hentry"],"yoast_head":"<!-- This site is optimized with the Yoast SEO plugin v24.2 - https:\/\/yoast.com\/wordpress\/plugins\/seo\/ -->\n<title>Concerts - La F\u00eate de la Bio - \u00c9dition 2025<\/title>\n<meta name=\"robots\" content=\"index, follow, max-snippet:-1, max-image-preview:large, max-video-preview:-1\" \/>\n<link rel=\"canonical\" href=\"https:\/\/fetedelabio.org\/2025\/concerts\/\" \/>\n<meta property=\"og:locale\" content=\"fr_FR\" \/>\n<meta property=\"og:type\" content=\"article\" \/>\n<meta property=\"og:title\" content=\"Concerts - La F\u00eate de la Bio - \u00c9dition 2025\" \/>\n<meta property=\"og:description\" content=\"CONCERTSSAMEDI SOIR \u00e0 partir de 19h00 DIMANCHE Bal \u00e0 partir de 16h00 &nbsp;SAMEDI 19h00 Pelican Dreams \u00a0 Groupe de pop-folk acoustique https:\/\/www.facebook.com\/p\/Pelican-Dreams-100077784666339\/ SAMEDI 20h30 Si Senior Si Senior est n\u00e9 de la rencontre entre deux guitaristes de Rouen aux parcours oppos\u00e9s pour fusionner en un duo atypique. \u00c0 deux guitares classiques, leur musique se d\u00e9marque [&hellip;]\" \/>\n<meta property=\"og:url\" content=\"https:\/\/fetedelabio.org\/2025\/concerts\/\" \/>\n<meta property=\"og:site_name\" content=\"La F\u00eate de la Bio - \u00c9dition 2025\" \/>\n<meta property=\"article:publisher\" content=\"https:\/\/www.facebook.com\/fetedelabionormandie\" \/>\n<meta property=\"article:modified_time\" content=\"2025-05-24T14:54:27+00:00\" \/>\n<meta name=\"twitter:card\" content=\"summary_large_image\" \/>\n<meta name=\"twitter:label1\" content=\"Dur\u00e9e de lecture estim\u00e9e\" \/>\n\t<meta name=\"twitter:data1\" content=\"1 minute\" \/>\n<script type=\"application\/ld+json\" class=\"yoast-schema-graph\">{\"@context\":\"https:\/\/schema.org\",\"@graph\":[{\"@type\":\"WebPage\",\"@id\":\"https:\/\/fetedelabio.org\/2025\/concerts\/\",\"url\":\"https:\/\/fetedelabio.org\/2025\/concerts\/\",\"name\":\"Concerts - La F\u00eate de la Bio - \u00c9dition 2025\",\"isPartOf\":{\"@id\":\"https:\/\/fetedelabio.org\/2025\/#website\"},\"datePublished\":\"2025-04-30T21:16:53+00:00\",\"dateModified\":\"2025-05-24T14:54:27+00:00\",\"breadcrumb\":{\"@id\":\"https:\/\/fetedelabio.org\/2025\/concerts\/#breadcrumb\"},\"inLanguage\":\"fr-FR\",\"potentialAction\":[{\"@type\":\"ReadAction\",\"target\":[\"https:\/\/fetedelabio.org\/2025\/concerts\/\"]}]},{\"@type\":\"BreadcrumbList\",\"@id\":\"https:\/\/fetedelabio.org\/2025\/concerts\/#breadcrumb\",\"itemListElement\":[{\"@type\":\"ListItem\",\"position\":1,\"name\":\"Accueil\",\"item\":\"https:\/\/fetedelabio.org\/2025\/\"},{\"@type\":\"ListItem\",\"position\":2,\"name\":\"Concerts\"}]},{\"@type\":\"WebSite\",\"@id\":\"https:\/\/fetedelabio.org\/2025\/#website\",\"url\":\"https:\/\/fetedelabio.org\/2025\/\",\"name\":\"La F\u00eate de la Bio - \u00c9dition 2025\",\"description\":\"\",\"publisher\":{\"@id\":\"https:\/\/fetedelabio.org\/2025\/#organization\"},\"potentialAction\":[{\"@type\":\"SearchAction\",\"target\":{\"@type\":\"EntryPoint\",\"urlTemplate\":\"https:\/\/fetedelabio.org\/2025\/?s={search_term_string}\"},\"query-input\":{\"@type\":\"PropertyValueSpecification\",\"valueRequired\":true,\"valueName\":\"search_term_string\"}}],\"inLanguage\":\"fr-FR\"},{\"@type\":\"Organization\",\"@id\":\"https:\/\/fetedelabio.org\/2025\/#organization\",\"name\":\"La F\u00eate de la Bio - \u00c9dition 2025\",\"url\":\"https:\/\/fetedelabio.org\/2025\/\",\"logo\":{\"@type\":\"ImageObject\",\"inLanguage\":\"fr-FR\",\"@id\":\"https:\/\/fetedelabio.org\/2025\/#\/schema\/logo\/image\/\",\"url\":\"https:\/\/fetedelabio.org\/2025\/wp-content\/uploads\/sites\/3\/2025\/03\/Logo.png\",\"contentUrl\":\"https:\/\/fetedelabio.org\/2025\/wp-content\/uploads\/sites\/3\/2025\/03\/Logo.png\",\"width\":3648,\"height\":2580,\"caption\":\"La F\u00eate de la Bio - \u00c9dition 2025\"},\"image\":{\"@id\":\"https:\/\/fetedelabio.org\/2025\/#\/schema\/logo\/image\/\"},\"sameAs\":[\"https:\/\/www.facebook.com\/fetedelabionormandie\",\"https:\/\/www.instagram.com\/fetedelabionormandie\/\"]}]}<\/script>\n<!-- \/ Yoast SEO plugin. -->","yoast_head_json":{"title":"Concerts - La F\u00eate de la Bio - \u00c9dition 2025","robots":{"index":"index","follow":"follow","max-snippet":"max-snippet:-1","max-image-preview":"max-image-preview:large","max-video-preview":"max-video-preview:-1"},"canonical":"https:\/\/fetedelabio.org\/2025\/concerts\/","og_locale":"fr_FR","og_type":"article","og_title":"Concerts - La F\u00eate de la Bio - \u00c9dition 2025","og_description":"CONCERTSSAMEDI SOIR \u00e0 partir de 19h00 DIMANCHE Bal \u00e0 partir de 16h00 &nbsp;SAMEDI 19h00 Pelican Dreams \u00a0 Groupe de pop-folk acoustique https:\/\/www.facebook.com\/p\/Pelican-Dreams-100077784666339\/ SAMEDI 20h30 Si Senior Si Senior est n\u00e9 de la rencontre entre deux guitaristes de Rouen aux parcours oppos\u00e9s pour fusionner en un duo atypique. \u00c0 deux guitares classiques, leur musique se d\u00e9marque [&hellip;]","og_url":"https:\/\/fetedelabio.org\/2025\/concerts\/","og_site_name":"La F\u00eate de la Bio - \u00c9dition 2025","article_publisher":"https:\/\/www.facebook.com\/fetedelabionormandie","article_modified_time":"2025-05-24T14:54:27+00:00","twitter_card":"summary_large_image","twitter_misc":{"Dur\u00e9e de lecture estim\u00e9e":"1 minute"},"schema":{"@context":"https:\/\/schema.org","@graph":[{"@type":"WebPage","@id":"https:\/\/fetedelabio.org\/2025\/concerts\/","url":"https:\/\/fetedelabio.org\/2025\/concerts\/","name":"Concerts - La F\u00eate de la Bio - \u00c9dition 2025","isPartOf":{"@id":"https:\/\/fetedelabio.org\/2025\/#website"},"datePublished":"2025-04-30T21:16:53+00:00","dateModified":"2025-05-24T14:54:27+00:00","breadcrumb":{"@id":"https:\/\/fetedelabio.org\/2025\/concerts\/#breadcrumb"},"inLanguage":"fr-FR","potentialAction":[{"@type":"ReadAction","target":["https:\/\/fetedelabio.org\/2025\/concerts\/"]}]},{"@type":"BreadcrumbList","@id":"https:\/\/fetedelabio.org\/2025\/concerts\/#breadcrumb","itemListElement":[{"@type":"ListItem","position":1,"name":"Accueil","item":"https:\/\/fetedelabio.org\/2025\/"},{"@type":"ListItem","position":2,"name":"Concerts"}]},{"@type":"WebSite","@id":"https:\/\/fetedelabio.org\/2025\/#website","url":"https:\/\/fetedelabio.org\/2025\/","name":"La F\u00eate de la Bio - \u00c9dition 2025","description":"","publisher":{"@id":"https:\/\/fetedelabio.org\/2025\/#organization"},"potentialAction":[{"@type":"SearchAction","target":{"@type":"EntryPoint","urlTemplate":"https:\/\/fetedelabio.org\/2025\/?s={search_term_string}"},"query-input":{"@type":"PropertyValueSpecification","valueRequired":true,"valueName":"search_term_string"}}],"inLanguage":"fr-FR"},{"@type":"Organization","@id":"https:\/\/fetedelabio.org\/2025\/#organization","name":"La F\u00eate de la Bio - \u00c9dition 2025","url":"https:\/\/fetedelabio.org\/2025\/","logo":{"@type":"ImageObject","inLanguage":"fr-FR","@id":"https:\/\/fetedelabio.org\/2025\/#\/schema\/logo\/image\/","url":"https:\/\/fetedelabio.org\/2025\/wp-content\/uploads\/sites\/3\/2025\/03\/Logo.png","contentUrl":"https:\/\/fetedelabio.org\/2025\/wp-content\/uploads\/sites\/3\/2025\/03\/Logo.png","width":3648,"height":2580,"caption":"La F\u00eate de la Bio - \u00c9dition 2025"},"image":{"@id":"https:\/\/fetedelabio.org\/2025\/#\/schema\/logo\/image\/"},"sameAs":["https:\/\/www.facebook.com\/fetedelabionormandie","https:\/\/www.instagram.com\/fetedelabionormandie\/"]}]}},"_links":{"self":[{"href":"https:\/\/fetedelabio.org\/2025\/wp-json\/wp\/v2\/pages\/355","targetHints":{"allow":["GET"]}}],"collection":[{"href":"https:\/\/fetedelabio.org\/2025\/wp-json\/wp\/v2\/pages"}],"about":[{"href":"https:\/\/fetedelabio.org\/2025\/wp-json\/wp\/v2\/types\/page"}],"author":[{"embeddable":true,"href":"https:\/\/fetedelabio.org\/2025\/wp-json\/wp\/v2\/users\/2"}],"replies":[{"embeddable":true,"href":"https:\/\/fetedelabio.org\/2025\/wp-json\/wp\/v2\/comments?post=355"}],"version-history":[{"count":4,"href":"https:\/\/fetedelabio.org\/2025\/wp-json\/wp\/v2\/pages\/355\/revisions"}],"predecessor-version":[{"id":597,"href":"https:\/\/fetedelabio.org\/2025\/wp-json\/wp\/v2\/pages\/355\/revisions\/597"}],"wp:attachment":[{"href":"https:\/\/fetedelabio.org\/2025\/wp-json\/wp\/v2\/media?parent=355"}],"curies":[{"name":"wp","href":"https:\/\/api.w.org\/{rel}","templated":true}]}}