{"id":450,"date":"2025-05-24T16:38:11","date_gmt":"2025-05-24T14:38:11","guid":{"rendered":"https:\/\/fetedelabio.org\/2025\/?page_id=450"},"modified":"2025-06-02T21:26:25","modified_gmt":"2025-06-02T19:26:25","slug":"enfants","status":"publish","type":"page","link":"https:\/\/fetedelabio.org\/2025\/enfants\/","title":{"rendered":"Enfants"},"content":{"rendered":"<p>[et_pb_section fb_built=\u00a0\u00bb1&Prime; _builder_version=\u00a0\u00bb4.27.4&Prime; _module_preset=\u00a0\u00bbdefault\u00a0\u00bb background_color=\u00a0\u00bb#ffd149&Prime; background_image=\u00a0\u00bbhttps:\/\/fetedelabio.org\/2025\/wp-content\/uploads\/sites\/3\/2025\/03\/Banniere-facebook.png\u00a0\u00bb min_height=\u00a0\u00bb491.8px\u00a0\u00bb custom_margin=\u00a0\u00bb||52px|||\u00a0\u00bb custom_padding=\u00a0\u00bb|518px|0px|||\u00a0\u00bb da_disable_devices=\u00a0\u00bboff|off|off\u00a0\u00bb locked=\u00a0\u00bboff\u00a0\u00bb global_colors_info=\u00a0\u00bb{}\u00a0\u00bb da_is_popup=\u00a0\u00bboff\u00a0\u00bb da_exit_intent=\u00a0\u00bboff\u00a0\u00bb da_has_close=\u00a0\u00bbon\u00a0\u00bb da_alt_close=\u00a0\u00bboff\u00a0\u00bb da_dark_close=\u00a0\u00bboff\u00a0\u00bb da_not_modal=\u00a0\u00bbon\u00a0\u00bb da_is_singular=\u00a0\u00bboff\u00a0\u00bb da_with_loader=\u00a0\u00bboff\u00a0\u00bb da_has_shadow=\u00a0\u00bbon\u00a0\u00bb][et_pb_row _builder_version=\u00a0\u00bb4.27.4&Prime; _module_preset=\u00a0\u00bbdefault\u00a0\u00bb global_colors_info=\u00a0\u00bb{}\u00a0\u00bb][et_pb_column type=\u00a0\u00bb4_4&Prime; _builder_version=\u00a0\u00bb4.27.4&Prime; _module_preset=\u00a0\u00bbdefault\u00a0\u00bb global_colors_info=\u00a0\u00bb{}\u00a0\u00bb][et_pb_text _builder_version=\u00a0\u00bb4.27.4&Prime; _module_preset=\u00a0\u00bbdefault\u00a0\u00bb text_font=\u00a0\u00bbBona Nova||||||||\u00a0\u00bb text_text_color=\u00a0\u00bb#5bbc1a\u00a0\u00bb text_font_size=\u00a0\u00bb100px\u00a0\u00bb text_letter_spacing=\u00a0\u00bb14px\u00a0\u00bb text_line_height=\u00a0\u00bb2em\u00a0\u00bb width=\u00a0\u00bb100%\u00a0\u00bb custom_margin=\u00a0\u00bb||-74px|||\u00a0\u00bb custom_padding=\u00a0\u00bb||136px|||\u00a0\u00bb global_colors_info=\u00a0\u00bb{}\u00a0\u00bb]<\/p>\n<p style=\"text-align: center\">ENFANTS<\/p>\n<p>[\/et_pb_text][\/et_pb_column][\/et_pb_row][et_pb_row column_structure=\u00a0\u00bb1_2,1_2&Prime; _builder_version=\u00a0\u00bb4.27.4&Prime; _module_preset=\u00a0\u00bbdefault\u00a0\u00bb global_colors_info=\u00a0\u00bb{}\u00a0\u00bb][et_pb_column type=\u00a0\u00bb1_2&Prime; _builder_version=\u00a0\u00bb4.27.4&Prime; _module_preset=\u00a0\u00bbdefault\u00a0\u00bb global_colors_info=\u00a0\u00bb{}\u00a0\u00bb][et_pb_text _builder_version=\u00a0\u00bb4.27.4&Prime; _module_preset=\u00a0\u00bbdefault\u00a0\u00bb text_text_color=\u00a0\u00bb#398e15&Prime; text_font_size=\u00a0\u00bb24px\u00a0\u00bb width=\u00a0\u00bb88.3%\u00a0\u00bb global_colors_info=\u00a0\u00bb{}\u00a0\u00bb]<\/p>\n<p><strong>SAMEDI <\/strong><\/p>\n<p><strong>\u00e0 partir de 10h00<\/strong><\/p>\n<p><strong>DIMANCHE<\/strong><\/p>\n<p><strong>\u00e0 partir de 10h00<\/strong><\/p>\n<p>&nbsp;<\/p>\n<p>[\/et_pb_text][\/et_pb_column][et_pb_column type=\u00a0\u00bb1_2&Prime; _builder_version=\u00a0\u00bb4.27.4&Prime; _module_preset=\u00a0\u00bbdefault\u00a0\u00bb global_colors_info=\u00a0\u00bb{}\u00a0\u00bb][\/et_pb_column][\/et_pb_row][et_pb_row _builder_version=\u00a0\u00bb4.27.4&Prime; _module_preset=\u00a0\u00bbdefault\u00a0\u00bb global_colors_info=\u00a0\u00bb{}\u00a0\u00bb][et_pb_column type=\u00a0\u00bb4_4&Prime; _builder_version=\u00a0\u00bb4.27.4&Prime; _module_preset=\u00a0\u00bbdefault\u00a0\u00bb global_colors_info=\u00a0\u00bb{}\u00a0\u00bb][\/et_pb_column][\/et_pb_row][\/et_pb_section][et_pb_section fb_built=\u00a0\u00bb1&Prime; _builder_version=\u00a0\u00bb4.27.4&Prime; _module_preset=\u00a0\u00bbdefault\u00a0\u00bb background_color=\u00a0\u00bb#c499e8&Prime; da_disable_devices=\u00a0\u00bboff|off|off\u00a0\u00bb global_colors_info=\u00a0\u00bb{}\u00a0\u00bb da_is_popup=\u00a0\u00bboff\u00a0\u00bb da_exit_intent=\u00a0\u00bboff\u00a0\u00bb da_has_close=\u00a0\u00bbon\u00a0\u00bb da_alt_close=\u00a0\u00bboff\u00a0\u00bb da_dark_close=\u00a0\u00bboff\u00a0\u00bb da_not_modal=\u00a0\u00bbon\u00a0\u00bb da_is_singular=\u00a0\u00bboff\u00a0\u00bb da_with_loader=\u00a0\u00bboff\u00a0\u00bb da_has_shadow=\u00a0\u00bbon\u00a0\u00bb][et_pb_row _builder_version=\u00a0\u00bb4.27.4&Prime; _module_preset=\u00a0\u00bbdefault\u00a0\u00bb global_colors_info=\u00a0\u00bb{}\u00a0\u00bb][et_pb_column type=\u00a0\u00bb4_4&Prime; _builder_version=\u00a0\u00bb4.27.4&Prime; _module_preset=\u00a0\u00bbdefault\u00a0\u00bb global_colors_info=\u00a0\u00bb{}\u00a0\u00bb][et_pb_text _builder_version=\u00a0\u00bb4.27.4&Prime; _module_preset=\u00a0\u00bbdefault\u00a0\u00bb hover_enabled=\u00a0\u00bb0&Prime; sticky_enabled=\u00a0\u00bb0&Prime;]<\/p>\n<p><strong>La F\u00eate de la Bio est aussi pour les enfants, de nombreuses animations sont pr\u00e9vues :<\/strong><\/p>\n<ul>\n<li><strong>&#8211; Grimpe aux arbres pour les plus grands<\/strong><\/li>\n<li><strong>&#8211; Piscine de paille pour tous<\/strong><\/li>\n<li><strong>&#8211; Jeux g\u00e9ants en bois<\/strong><\/li>\n<li><strong>&#8211; Espace de jeux d&rsquo;imitation anim\u00e9 par l&rsquo;association Rejouets<\/strong><\/li>\n<li><strong>&#8211; Les animaux de la Ferme des 5 saisons<\/strong><\/li>\n<li><strong>&#8211; Espace de repos, change et allaitement pour les tous-petits<\/strong><\/li>\n<li><strong>Et plein d&rsquo;autres surprises !<\/strong><\/li>\n<\/ul>\n<p>&nbsp;<\/p>\n<p>[\/et_pb_text][\/et_pb_column][\/et_pb_row][\/et_pb_section]<\/p>\n","protected":false},"excerpt":{"rendered":"<p>ENFANTSSAMEDI \u00e0 partir de 10h00 DIMANCHE \u00e0 partir de 10h00 &nbsp;La F\u00eate de la Bio est aussi pour les enfants, de nombreuses animations sont pr\u00e9vues : &#8211; Grimpe aux arbres pour les plus grands &#8211; Piscine de paille pour tous &#8211; Jeux g\u00e9ants en bois &#8211; Espace de jeux d&rsquo;imitation anim\u00e9 par l&rsquo;association Rejouets &#8211; [&hellip;]<\/p>\n","protected":false},"author":2,"featured_media":0,"parent":0,"menu_order":0,"comment_status":"closed","ping_status":"closed","template":"","meta":{"_et_pb_use_builder":"on","_et_pb_old_content":"","_et_gb_content_width":"","footnotes":""},"class_list":["post-450","page","type-page","status-publish","hentry"],"yoast_head":"<!-- This site is optimized with the Yoast SEO plugin v24.2 - https:\/\/yoast.com\/wordpress\/plugins\/seo\/ -->\n<title>Enfants - La F\u00eate de la Bio - \u00c9dition 2025<\/title>\n<meta name=\"robots\" content=\"index, follow, max-snippet:-1, max-image-preview:large, max-video-preview:-1\" \/>\n<link rel=\"canonical\" href=\"https:\/\/fetedelabio.org\/2025\/enfants\/\" \/>\n<meta property=\"og:locale\" content=\"fr_FR\" \/>\n<meta property=\"og:type\" content=\"article\" \/>\n<meta property=\"og:title\" content=\"Enfants - La F\u00eate de la Bio - \u00c9dition 2025\" \/>\n<meta property=\"og:description\" content=\"ENFANTSSAMEDI \u00e0 partir de 10h00 DIMANCHE \u00e0 partir de 10h00 &nbsp;La F\u00eate de la Bio est aussi pour les enfants, de nombreuses animations sont pr\u00e9vues : - Grimpe aux arbres pour les plus grands - Piscine de paille pour tous - Jeux g\u00e9ants en bois - Espace de jeux d&#039;imitation anim\u00e9 par l&#039;association Rejouets - [&hellip;]\" \/>\n<meta property=\"og:url\" content=\"https:\/\/fetedelabio.org\/2025\/enfants\/\" \/>\n<meta property=\"og:site_name\" content=\"La F\u00eate de la Bio - \u00c9dition 2025\" \/>\n<meta property=\"article:publisher\" content=\"https:\/\/www.facebook.com\/fetedelabionormandie\" \/>\n<meta property=\"article:modified_time\" content=\"2025-06-02T19:26:25+00:00\" \/>\n<meta name=\"twitter:card\" content=\"summary_large_image\" \/>\n<meta name=\"twitter:label1\" content=\"Dur\u00e9e de lecture estim\u00e9e\" \/>\n\t<meta name=\"twitter:data1\" content=\"1 minute\" \/>\n<script type=\"application\/ld+json\" class=\"yoast-schema-graph\">{\"@context\":\"https:\/\/schema.org\",\"@graph\":[{\"@type\":\"WebPage\",\"@id\":\"https:\/\/fetedelabio.org\/2025\/enfants\/\",\"url\":\"https:\/\/fetedelabio.org\/2025\/enfants\/\",\"name\":\"Enfants - La F\u00eate de la Bio - \u00c9dition 2025\",\"isPartOf\":{\"@id\":\"https:\/\/fetedelabio.org\/2025\/#website\"},\"datePublished\":\"2025-05-24T14:38:11+00:00\",\"dateModified\":\"2025-06-02T19:26:25+00:00\",\"breadcrumb\":{\"@id\":\"https:\/\/fetedelabio.org\/2025\/enfants\/#breadcrumb\"},\"inLanguage\":\"fr-FR\",\"potentialAction\":[{\"@type\":\"ReadAction\",\"target\":[\"https:\/\/fetedelabio.org\/2025\/enfants\/\"]}]},{\"@type\":\"BreadcrumbList\",\"@id\":\"https:\/\/fetedelabio.org\/2025\/enfants\/#breadcrumb\",\"itemListElement\":[{\"@type\":\"ListItem\",\"position\":1,\"name\":\"Accueil\",\"item\":\"https:\/\/fetedelabio.org\/2025\/\"},{\"@type\":\"ListItem\",\"position\":2,\"name\":\"Enfants\"}]},{\"@type\":\"WebSite\",\"@id\":\"https:\/\/fetedelabio.org\/2025\/#website\",\"url\":\"https:\/\/fetedelabio.org\/2025\/\",\"name\":\"La F\u00eate de la Bio - \u00c9dition 2025\",\"description\":\"\",\"publisher\":{\"@id\":\"https:\/\/fetedelabio.org\/2025\/#organization\"},\"potentialAction\":[{\"@type\":\"SearchAction\",\"target\":{\"@type\":\"EntryPoint\",\"urlTemplate\":\"https:\/\/fetedelabio.org\/2025\/?s={search_term_string}\"},\"query-input\":{\"@type\":\"PropertyValueSpecification\",\"valueRequired\":true,\"valueName\":\"search_term_string\"}}],\"inLanguage\":\"fr-FR\"},{\"@type\":\"Organization\",\"@id\":\"https:\/\/fetedelabio.org\/2025\/#organization\",\"name\":\"La F\u00eate de la Bio - \u00c9dition 2025\",\"url\":\"https:\/\/fetedelabio.org\/2025\/\",\"logo\":{\"@type\":\"ImageObject\",\"inLanguage\":\"fr-FR\",\"@id\":\"https:\/\/fetedelabio.org\/2025\/#\/schema\/logo\/image\/\",\"url\":\"https:\/\/fetedelabio.org\/2025\/wp-content\/uploads\/sites\/3\/2025\/03\/Logo.png\",\"contentUrl\":\"https:\/\/fetedelabio.org\/2025\/wp-content\/uploads\/sites\/3\/2025\/03\/Logo.png\",\"width\":3648,\"height\":2580,\"caption\":\"La F\u00eate de la Bio - \u00c9dition 2025\"},\"image\":{\"@id\":\"https:\/\/fetedelabio.org\/2025\/#\/schema\/logo\/image\/\"},\"sameAs\":[\"https:\/\/www.facebook.com\/fetedelabionormandie\",\"https:\/\/www.instagram.com\/fetedelabionormandie\/\"]}]}<\/script>\n<!-- \/ Yoast SEO plugin. -->","yoast_head_json":{"title":"Enfants - La F\u00eate de la Bio - \u00c9dition 2025","robots":{"index":"index","follow":"follow","max-snippet":"max-snippet:-1","max-image-preview":"max-image-preview:large","max-video-preview":"max-video-preview:-1"},"canonical":"https:\/\/fetedelabio.org\/2025\/enfants\/","og_locale":"fr_FR","og_type":"article","og_title":"Enfants - La F\u00eate de la Bio - \u00c9dition 2025","og_description":"ENFANTSSAMEDI \u00e0 partir de 10h00 DIMANCHE \u00e0 partir de 10h00 &nbsp;La F\u00eate de la Bio est aussi pour les enfants, de nombreuses animations sont pr\u00e9vues : - Grimpe aux arbres pour les plus grands - Piscine de paille pour tous - Jeux g\u00e9ants en bois - Espace de jeux d'imitation anim\u00e9 par l'association Rejouets - [&hellip;]","og_url":"https:\/\/fetedelabio.org\/2025\/enfants\/","og_site_name":"La F\u00eate de la Bio - \u00c9dition 2025","article_publisher":"https:\/\/www.facebook.com\/fetedelabionormandie","article_modified_time":"2025-06-02T19:26:25+00:00","twitter_card":"summary_large_image","twitter_misc":{"Dur\u00e9e de lecture estim\u00e9e":"1 minute"},"schema":{"@context":"https:\/\/schema.org","@graph":[{"@type":"WebPage","@id":"https:\/\/fetedelabio.org\/2025\/enfants\/","url":"https:\/\/fetedelabio.org\/2025\/enfants\/","name":"Enfants - La F\u00eate de la Bio - \u00c9dition 2025","isPartOf":{"@id":"https:\/\/fetedelabio.org\/2025\/#website"},"datePublished":"2025-05-24T14:38:11+00:00","dateModified":"2025-06-02T19:26:25+00:00","breadcrumb":{"@id":"https:\/\/fetedelabio.org\/2025\/enfants\/#breadcrumb"},"inLanguage":"fr-FR","potentialAction":[{"@type":"ReadAction","target":["https:\/\/fetedelabio.org\/2025\/enfants\/"]}]},{"@type":"BreadcrumbList","@id":"https:\/\/fetedelabio.org\/2025\/enfants\/#breadcrumb","itemListElement":[{"@type":"ListItem","position":1,"name":"Accueil","item":"https:\/\/fetedelabio.org\/2025\/"},{"@type":"ListItem","position":2,"name":"Enfants"}]},{"@type":"WebSite","@id":"https:\/\/fetedelabio.org\/2025\/#website","url":"https:\/\/fetedelabio.org\/2025\/","name":"La F\u00eate de la Bio - \u00c9dition 2025","description":"","publisher":{"@id":"https:\/\/fetedelabio.org\/2025\/#organization"},"potentialAction":[{"@type":"SearchAction","target":{"@type":"EntryPoint","urlTemplate":"https:\/\/fetedelabio.org\/2025\/?s={search_term_string}"},"query-input":{"@type":"PropertyValueSpecification","valueRequired":true,"valueName":"search_term_string"}}],"inLanguage":"fr-FR"},{"@type":"Organization","@id":"https:\/\/fetedelabio.org\/2025\/#organization","name":"La F\u00eate de la Bio - \u00c9dition 2025","url":"https:\/\/fetedelabio.org\/2025\/","logo":{"@type":"ImageObject","inLanguage":"fr-FR","@id":"https:\/\/fetedelabio.org\/2025\/#\/schema\/logo\/image\/","url":"https:\/\/fetedelabio.org\/2025\/wp-content\/uploads\/sites\/3\/2025\/03\/Logo.png","contentUrl":"https:\/\/fetedelabio.org\/2025\/wp-content\/uploads\/sites\/3\/2025\/03\/Logo.png","width":3648,"height":2580,"caption":"La F\u00eate de la Bio - \u00c9dition 2025"},"image":{"@id":"https:\/\/fetedelabio.org\/2025\/#\/schema\/logo\/image\/"},"sameAs":["https:\/\/www.facebook.com\/fetedelabionormandie","https:\/\/www.instagram.com\/fetedelabionormandie\/"]}]}},"_links":{"self":[{"href":"https:\/\/fetedelabio.org\/2025\/wp-json\/wp\/v2\/pages\/450","targetHints":{"allow":["GET"]}}],"collection":[{"href":"https:\/\/fetedelabio.org\/2025\/wp-json\/wp\/v2\/pages"}],"about":[{"href":"https:\/\/fetedelabio.org\/2025\/wp-json\/wp\/v2\/types\/page"}],"author":[{"embeddable":true,"href":"https:\/\/fetedelabio.org\/2025\/wp-json\/wp\/v2\/users\/2"}],"replies":[{"embeddable":true,"href":"https:\/\/fetedelabio.org\/2025\/wp-json\/wp\/v2\/comments?post=450"}],"version-history":[{"count":4,"href":"https:\/\/fetedelabio.org\/2025\/wp-json\/wp\/v2\/pages\/450\/revisions"}],"predecessor-version":[{"id":650,"href":"https:\/\/fetedelabio.org\/2025\/wp-json\/wp\/v2\/pages\/450\/revisions\/650"}],"wp:attachment":[{"href":"https:\/\/fetedelabio.org\/2025\/wp-json\/wp\/v2\/media?parent=450"}],"curies":[{"name":"wp","href":"https:\/\/api.w.org\/{rel}","templated":true}]}}