{"id":493,"date":"2025-05-07T23:16:37","date_gmt":"2025-05-07T21:16:37","guid":{"rendered":"https:\/\/fetedelabio.org\/2025\/?page_id=493"},"modified":"2025-05-24T17:00:38","modified_gmt":"2025-05-24T15:00:38","slug":"conferences","status":"publish","type":"page","link":"https:\/\/fetedelabio.org\/2025\/conferences\/","title":{"rendered":"Conf\u00e9rences"},"content":{"rendered":"<p>[et_pb_section fb_built=\u00a0\u00bb1&Prime; _builder_version=\u00a0\u00bb4.27.4&Prime; _module_preset=\u00a0\u00bbdefault\u00a0\u00bb background_color=\u00a0\u00bb#ffd149&Prime; background_image=\u00a0\u00bbhttps:\/\/fetedelabio.org\/2025\/wp-content\/uploads\/sites\/3\/2025\/03\/Banniere-facebook.png\u00a0\u00bb min_height=\u00a0\u00bb491.8px\u00a0\u00bb custom_margin=\u00a0\u00bb||52px|||\u00a0\u00bb custom_padding=\u00a0\u00bb|518px|0px|||\u00a0\u00bb da_disable_devices=\u00a0\u00bboff|off|off\u00a0\u00bb locked=\u00a0\u00bboff\u00a0\u00bb global_colors_info=\u00a0\u00bb{}\u00a0\u00bb da_is_popup=\u00a0\u00bboff\u00a0\u00bb da_exit_intent=\u00a0\u00bboff\u00a0\u00bb da_has_close=\u00a0\u00bbon\u00a0\u00bb da_alt_close=\u00a0\u00bboff\u00a0\u00bb da_dark_close=\u00a0\u00bboff\u00a0\u00bb da_not_modal=\u00a0\u00bbon\u00a0\u00bb da_is_singular=\u00a0\u00bboff\u00a0\u00bb da_with_loader=\u00a0\u00bboff\u00a0\u00bb da_has_shadow=\u00a0\u00bbon\u00a0\u00bb][et_pb_row _builder_version=\u00a0\u00bb4.27.4&Prime; _module_preset=\u00a0\u00bbdefault\u00a0\u00bb max_width=\u00a0\u00bb2560px\u00a0\u00bb global_colors_info=\u00a0\u00bb{}\u00a0\u00bb][et_pb_column type=\u00a0\u00bb4_4&Prime; _builder_version=\u00a0\u00bb4.27.4&Prime; _module_preset=\u00a0\u00bbdefault\u00a0\u00bb global_colors_info=\u00a0\u00bb{}\u00a0\u00bb][et_pb_text _builder_version=\u00a0\u00bb4.27.4&Prime; _module_preset=\u00a0\u00bbdefault\u00a0\u00bb text_font=\u00a0\u00bbBona Nova||||||||\u00a0\u00bb text_text_color=\u00a0\u00bb#5bbc1a\u00a0\u00bb text_font_size=\u00a0\u00bb85px\u00a0\u00bb text_letter_spacing=\u00a0\u00bb5px\u00a0\u00bb text_line_height=\u00a0\u00bb2em\u00a0\u00bb width=\u00a0\u00bb100%\u00a0\u00bb custom_margin=\u00a0\u00bb||-74px|||\u00a0\u00bb custom_padding=\u00a0\u00bb||136px|||\u00a0\u00bb global_colors_info=\u00a0\u00bb{}\u00a0\u00bb]<\/p>\n<p style=\"text-align: center\">CONFERENCES<\/p>\n<p>[\/et_pb_text][\/et_pb_column][\/et_pb_row][et_pb_row column_structure=\u00a0\u00bb1_2,1_2&Prime; _builder_version=\u00a0\u00bb4.27.4&Prime; _module_preset=\u00a0\u00bbdefault\u00a0\u00bb global_colors_info=\u00a0\u00bb{}\u00a0\u00bb][et_pb_column type=\u00a0\u00bb1_2&Prime; _builder_version=\u00a0\u00bb4.27.4&Prime; _module_preset=\u00a0\u00bbdefault\u00a0\u00bb global_colors_info=\u00a0\u00bb{}\u00a0\u00bb][et_pb_text _builder_version=\u00a0\u00bb4.27.4&Prime; _module_preset=\u00a0\u00bbdefault\u00a0\u00bb text_text_color=\u00a0\u00bb#398e15&Prime; text_font_size=\u00a0\u00bb24px\u00a0\u00bb width=\u00a0\u00bb88.3%\u00a0\u00bb global_colors_info=\u00a0\u00bb{}\u00a0\u00bb]<\/p>\n<p>&nbsp;<\/p>\n<p><strong>DIMANCHE<\/strong><\/p>\n<p><strong>\u00e0 partir de 11h00<\/strong><\/p>\n<p>&nbsp;<\/p>\n<p>[\/et_pb_text][\/et_pb_column][et_pb_column type=\u00a0\u00bb1_2&Prime; _builder_version=\u00a0\u00bb4.27.4&Prime; _module_preset=\u00a0\u00bbdefault\u00a0\u00bb global_colors_info=\u00a0\u00bb{}\u00a0\u00bb][\/et_pb_column][\/et_pb_row][et_pb_row _builder_version=\u00a0\u00bb4.27.4&Prime; _module_preset=\u00a0\u00bbdefault\u00a0\u00bb global_colors_info=\u00a0\u00bb{}\u00a0\u00bb][et_pb_column type=\u00a0\u00bb4_4&Prime; _builder_version=\u00a0\u00bb4.27.4&Prime; _module_preset=\u00a0\u00bbdefault\u00a0\u00bb global_colors_info=\u00a0\u00bb{}\u00a0\u00bb][\/et_pb_column][\/et_pb_row][\/et_pb_section][et_pb_section fb_built=\u00a0\u00bb1&Prime; _builder_version=\u00a0\u00bb4.27.4&Prime; _module_preset=\u00a0\u00bbdefault\u00a0\u00bb background_color=\u00a0\u00bbrgba(224,199,145,0.96)\u00a0\u00bb min_height=\u00a0\u00bb359.6px\u00a0\u00bb custom_margin=\u00a0\u00bb-54px|||||\u00a0\u00bb da_disable_devices=\u00a0\u00bboff|off|off\u00a0\u00bb locked=\u00a0\u00bboff\u00a0\u00bb global_colors_info=\u00a0\u00bb{}\u00a0\u00bb da_is_popup=\u00a0\u00bboff\u00a0\u00bb da_exit_intent=\u00a0\u00bboff\u00a0\u00bb da_has_close=\u00a0\u00bbon\u00a0\u00bb da_alt_close=\u00a0\u00bboff\u00a0\u00bb da_dark_close=\u00a0\u00bboff\u00a0\u00bb da_not_modal=\u00a0\u00bbon\u00a0\u00bb da_is_singular=\u00a0\u00bboff\u00a0\u00bb da_with_loader=\u00a0\u00bboff\u00a0\u00bb da_has_shadow=\u00a0\u00bbon\u00a0\u00bb][et_pb_row column_structure=\u00a0\u00bb1_2,1_2&Prime; _builder_version=\u00a0\u00bb4.27.4&Prime; _module_preset=\u00a0\u00bbdefault\u00a0\u00bb background_color=\u00a0\u00bbrgba(224,199,145,0.96)\u00a0\u00bb global_colors_info=\u00a0\u00bb{}\u00a0\u00bb][et_pb_column type=\u00a0\u00bb1_2&Prime; _builder_version=\u00a0\u00bb4.27.4&Prime; _module_preset=\u00a0\u00bbdefault\u00a0\u00bb global_colors_info=\u00a0\u00bb{}\u00a0\u00bb][et_pb_image src=\u00a0\u00bbhttps:\/\/fetedelabio.org\/2025\/wp-content\/uploads\/sites\/3\/2025\/05\/mdalmais4-1024&#215;899-1.jpg\u00a0\u00bb title_text=\u00a0\u00bbmdalmais4-1024&#215;899&Prime; _builder_version=\u00a0\u00bb4.27.4&Prime; _module_preset=\u00a0\u00bbdefault\u00a0\u00bb global_colors_info=\u00a0\u00bb{}\u00a0\u00bb][\/et_pb_image][\/et_pb_column][et_pb_column type=\u00a0\u00bb1_2&Prime; _builder_version=\u00a0\u00bb4.27.4&Prime; _module_preset=\u00a0\u00bbdefault\u00a0\u00bb global_colors_info=\u00a0\u00bb{}\u00a0\u00bb][et_pb_text _builder_version=\u00a0\u00bb4.27.4&Prime; _module_preset=\u00a0\u00bbdefault\u00a0\u00bb text_font=\u00a0\u00bbMontserrat|800|||||||\u00a0\u00bb text_text_color=\u00a0\u00bb#018748&Prime; header_text_color=\u00a0\u00bb#7CDA24&Prime; header_font_size=\u00a0\u00bb92px\u00a0\u00bb width=\u00a0\u00bb99%\u00a0\u00bb inline_fonts=\u00a0\u00bbMontserrat\u00a0\u00bb global_colors_info=\u00a0\u00bb{}\u00a0\u00bb]<\/p>\n<h2 style=\"text-align: left\"><strong><span style=\"font-family: Montserrat;font-size: large\">DIMANCHE \u00e0 13h30<br \/><\/span><\/strong><\/h2>\n<h1 style=\"text-align: center\"><span style=\"font-size: xx-large;font-family: Montserrat;color: #018748\"><\/span><\/h1>\n<h1 style=\"text-align: center\"><strong><span style=\"font-size: xx-large;font-family: Montserrat;color: #018748\"><\/span><\/strong><\/h1>\n<h1 style=\"text-align: center\"><strong><span style=\"font-size: xx-large;font-family: Montserrat;color: #018748\">Matthieu Dalmais<\/span><\/strong><\/h1>\n<h1 style=\"text-align: center\"><strong><span style=\"font-size: xx-large;font-family: Montserrat;color: #018748\"><span style=\"font-size: large\">C<span style=\"font-size: medium\">onf\u00e9rence Gesticul\u00e9e sur la S\u00e9curit\u00e9 Sociale de l&rsquo;alimentation<\/span><\/span><br \/><\/span><\/strong><\/h1>\n<p><strong><span style=\"font-size: xx-large;font-family: Montserrat;color: #018748\">\u00ab\u00a0De la fourche \u00e0 la fourchette&#8230; <\/span><\/strong><\/p>\n<p><strong><span style=\"font-size: xx-large;font-family: Montserrat;color: #018748\">\u00a0\u00a0\u00a0\u00a0\u00a0\u00a0\u00a0\u00a0\u00a0\u00a0\u00a0\u00a0\u00a0\u00a0\u00a0\u00a0\u00a0 Non ! l&rsquo;inverse !!\u00a0\u00bb<br \/><\/span><\/strong><\/p>\n<p>&nbsp;<\/p>\n<p><span style=\"color: #019328\"><a href=\"https:\/\/conferences-gesticulees.net\/conferences\/de-fourche-a-fourchette-non-linverse\/\"><span style=\"color: #7cda24\">https:\/\/conferences-gesticulees.net\/conferences\/de-fourche-a-fourchette-non-linverse\/<\/span><\/a><\/span><\/p>\n<p><span style=\"color: #019328\">\u00a0<\/span><\/p>\n<p>&nbsp;<\/p>\n<p>[\/et_pb_text][\/et_pb_column][\/et_pb_row][\/et_pb_section][et_pb_section fb_built=\u00a0\u00bb1&Prime; _builder_version=\u00a0\u00bb4.27.4&Prime; _module_preset=\u00a0\u00bbdefault\u00a0\u00bb background_color=\u00a0\u00bbrgba(224,199,145,0.96)\u00a0\u00bb min_height=\u00a0\u00bb359.6px\u00a0\u00bb custom_margin=\u00a0\u00bb-54px|||||\u00a0\u00bb da_disable_devices=\u00a0\u00bboff|off|off\u00a0\u00bb locked=\u00a0\u00bboff\u00a0\u00bb global_colors_info=\u00a0\u00bb{}\u00a0\u00bb da_is_popup=\u00a0\u00bboff\u00a0\u00bb da_exit_intent=\u00a0\u00bboff\u00a0\u00bb da_has_close=\u00a0\u00bbon\u00a0\u00bb da_alt_close=\u00a0\u00bboff\u00a0\u00bb da_dark_close=\u00a0\u00bboff\u00a0\u00bb da_not_modal=\u00a0\u00bbon\u00a0\u00bb da_is_singular=\u00a0\u00bboff\u00a0\u00bb da_with_loader=\u00a0\u00bboff\u00a0\u00bb da_has_shadow=\u00a0\u00bbon\u00a0\u00bb][et_pb_row column_structure=\u00a0\u00bb1_2,1_2&Prime; _builder_version=\u00a0\u00bb4.27.4&Prime; _module_preset=\u00a0\u00bbdefault\u00a0\u00bb background_color=\u00a0\u00bbrgba(224,199,145,0.96)\u00a0\u00bb global_colors_info=\u00a0\u00bb{}\u00a0\u00bb][et_pb_column type=\u00a0\u00bb1_2&Prime; _builder_version=\u00a0\u00bb4.27.4&Prime; _module_preset=\u00a0\u00bbdefault\u00a0\u00bb global_colors_info=\u00a0\u00bb{}\u00a0\u00bb][et_pb_image src=\u00a0\u00bbhttps:\/\/fetedelabio.org\/2025\/wp-content\/uploads\/sites\/3\/2025\/05\/injuste-prix.png\u00a0\u00bb title_text=\u00a0\u00bbinjuste prix\u00a0\u00bb _builder_version=\u00a0\u00bb4.27.4&Prime; _module_preset=\u00a0\u00bbdefault\u00a0\u00bb global_colors_info=\u00a0\u00bb{}\u00a0\u00bb][\/et_pb_image][\/et_pb_column][et_pb_column type=\u00a0\u00bb1_2&Prime; _builder_version=\u00a0\u00bb4.27.4&Prime; _module_preset=\u00a0\u00bbdefault\u00a0\u00bb global_colors_info=\u00a0\u00bb{}\u00a0\u00bb][et_pb_text _builder_version=\u00a0\u00bb4.27.4&Prime; _module_preset=\u00a0\u00bbdefault\u00a0\u00bb text_font=\u00a0\u00bbMontserrat|800|||||||\u00a0\u00bb text_text_color=\u00a0\u00bb#018748&Prime; header_text_color=\u00a0\u00bb#7CDA24&Prime; header_font_size=\u00a0\u00bb92px\u00a0\u00bb width=\u00a0\u00bb99%\u00a0\u00bb inline_fonts=\u00a0\u00bbMontserrat\u00a0\u00bb global_colors_info=\u00a0\u00bb{}\u00a0\u00bb]<\/p>\n<h2 style=\"text-align: left\"><strong><span style=\"font-family: Montserrat;font-size: large\">DIMANCHE \u00e0 15h30<br \/><\/span><\/strong><\/h2>\n<h1 style=\"text-align: center\"><span style=\"font-size: xx-large;font-family: Montserrat;color: #018748\"><\/span><\/h1>\n<h1 style=\"text-align: center\"><strong><span style=\"font-size: xx-large;font-family: Montserrat;color: #018748\"><\/span><\/strong><\/h1>\n<h1 style=\"text-align: center\"><strong><span style=\"font-size: xx-large;font-family: Montserrat;color: #018748\">Conf\u00e9rence<\/span><\/strong><strong><span style=\"font-size: xx-large;font-family: Montserrat;color: #018748\"><\/span><\/strong><\/h1>\n<p style=\"text-align: center\"><strong><span style=\"font-size: xx-large;font-family: Montserrat;color: #018748\">\u00a0\u00a0\u00a0\u00a0\u00a0\u00a0\u00a0\u00a0 \u00ab\u00a0L&rsquo;injuste prix de notre alimentation, quels co\u00fbts pour la soci\u00e9t\u00e9 et notre plan\u00e8te ?\u00a0\u00bb<\/span><\/strong><strong><span style=\"font-size: xx-large;font-family: Montserrat;color: #018748\"><\/span><\/strong><\/p>\n<p><span style=\"font-family: Montserrat;font-weight: normal;font-size: xx-large\">\u00a0<\/span><\/p>\n<p style=\"text-align: center\"><span style=\"font-family: Montserrat;font-weight: normal;font-size: xx-large\">Avec le CIVAM, le Secours Catholique, Solidarit\u00e9s Paysans et UFC Que choisir<br \/><\/span><\/p>\n<p>&nbsp;<\/p>\n<blockquote class=\"wp-embedded-content\" data-secret=\"b08UNQ0YfZ\"><p><a href=\"https:\/\/www.civam.org\/decouvrir-letude-linjuste-prix-de-notre-alimentation-quels-couts-pour-la-societe-et-la-planete\/\">D\u00e9couvrir l&rsquo;\u00e9tude \u00ab\u00a0L\u2019injuste prix de notre alimentation \u2013  quels co\u00fbts pour la soci\u00e9t\u00e9 et la plan\u00e8te ?\u00a0\u00bb<\/a><\/p><\/blockquote>\n<p><iframe loading=\"lazy\" class=\"wp-embedded-content\" sandbox=\"allow-scripts\" security=\"restricted\" style=\"position: absolute; visibility: hidden;\" title=\"\u00ab\u00a0D\u00e9couvrir l&rsquo;\u00e9tude \u00ab\u00a0L\u2019injuste prix de notre alimentation \u2013  quels co\u00fbts pour la soci\u00e9t\u00e9 et la plan\u00e8te ?\u00a0\u00bb\u00a0\u00bb &#8212; CIVAM\" src=\"https:\/\/www.civam.org\/decouvrir-letude-linjuste-prix-de-notre-alimentation-quels-couts-pour-la-societe-et-la-planete\/embed\/#?secret=TOOmLQMddn#?secret=b08UNQ0YfZ\" data-secret=\"b08UNQ0YfZ\" width=\"600\" height=\"338\" frameborder=\"0\" marginwidth=\"0\" marginheight=\"0\" scrolling=\"no\"><\/iframe><\/p>\n<p>[\/et_pb_text][\/et_pb_column][\/et_pb_row][\/et_pb_section][et_pb_section fb_built=\u00a0\u00bb1&Prime; _builder_version=\u00a0\u00bb4.27.4&Prime; _module_preset=\u00a0\u00bbdefault\u00a0\u00bb background_color=\u00a0\u00bbrgba(224,199,145,0.96)\u00a0\u00bb min_height=\u00a0\u00bb359.6px\u00a0\u00bb custom_margin=\u00a0\u00bb-54px|||||\u00a0\u00bb da_disable_devices=\u00a0\u00bboff|off|off\u00a0\u00bb locked=\u00a0\u00bboff\u00a0\u00bb global_colors_info=\u00a0\u00bb{}\u00a0\u00bb da_is_popup=\u00a0\u00bboff\u00a0\u00bb da_exit_intent=\u00a0\u00bboff\u00a0\u00bb da_has_close=\u00a0\u00bbon\u00a0\u00bb da_alt_close=\u00a0\u00bboff\u00a0\u00bb da_dark_close=\u00a0\u00bboff\u00a0\u00bb da_not_modal=\u00a0\u00bbon\u00a0\u00bb da_is_singular=\u00a0\u00bboff\u00a0\u00bb da_with_loader=\u00a0\u00bboff\u00a0\u00bb da_has_shadow=\u00a0\u00bbon\u00a0\u00bb][et_pb_row column_structure=\u00a0\u00bb1_2,1_2&Prime; _builder_version=\u00a0\u00bb4.27.4&Prime; _module_preset=\u00a0\u00bbdefault\u00a0\u00bb background_color=\u00a0\u00bbrgba(224,199,145,0.96)\u00a0\u00bb global_colors_info=\u00a0\u00bb{}\u00a0\u00bb][et_pb_column type=\u00a0\u00bb1_2&Prime; _builder_version=\u00a0\u00bb4.27.4&Prime; _module_preset=\u00a0\u00bbdefault\u00a0\u00bb global_colors_info=\u00a0\u00bb{}\u00a0\u00bb][et_pb_image src=\u00a0\u00bbhttps:\/\/fetedelabio.org\/2025\/wp-content\/uploads\/sites\/3\/2025\/05\/GONm-logo-01.png\u00a0\u00bb title_text=\u00a0\u00bbGONm-logo-01&Prime; _builder_version=\u00a0\u00bb4.27.4&Prime; _module_preset=\u00a0\u00bbdefault\u00a0\u00bb global_colors_info=\u00a0\u00bb{}\u00a0\u00bb][\/et_pb_image][\/et_pb_column][et_pb_column type=\u00a0\u00bb1_2&Prime; _builder_version=\u00a0\u00bb4.27.4&Prime; _module_preset=\u00a0\u00bbdefault\u00a0\u00bb global_colors_info=\u00a0\u00bb{}\u00a0\u00bb][et_pb_text _builder_version=\u00a0\u00bb4.27.4&Prime; _module_preset=\u00a0\u00bbdefault\u00a0\u00bb text_font=\u00a0\u00bbMontserrat|800|||||||\u00a0\u00bb text_text_color=\u00a0\u00bb#018748&Prime; header_text_color=\u00a0\u00bb#7CDA24&Prime; header_font_size=\u00a0\u00bb92px\u00a0\u00bb width=\u00a0\u00bb99%\u00a0\u00bb inline_fonts=\u00a0\u00bbMontserrat\u00a0\u00bb global_colors_info=\u00a0\u00bb{}\u00a0\u00bb]<\/p>\n<h2 style=\"text-align: left\"><strong><span style=\"font-family: Montserrat;font-size: large\">DIMANCHE \u00e0 11h00<br \/><\/span><\/strong><\/h2>\n<h1 style=\"text-align: center\"><span style=\"font-size: xx-large;font-family: Montserrat;color: #018748\"><\/span><\/h1>\n<h1 style=\"text-align: center\"><strong><span style=\"font-size: xx-large;font-family: Montserrat;color: #018748\"><\/span><\/strong><\/h1>\n<h1 style=\"text-align: center\"><strong><span style=\"font-size: xx-large;font-family: Montserrat;color: #018748\">Conf\u00e9rence<\/span><\/strong><strong><span style=\"font-size: xx-large;font-family: Montserrat;color: #018748\"><\/span><\/strong><\/h1>\n<p style=\"text-align: center\"><strong><span style=\"font-size: xx-large;font-family: Montserrat;color: #018748\">\u00a0\u00a0\u00a0\u00a0\u00a0\u00a0\u00a0\u00a0 \u00ab\u00a0Les oiseaux et le bocage\u00a0\u00bb<\/span><\/strong><strong><span style=\"font-size: xx-large;font-family: Montserrat;color: #018748\"><\/span><\/strong><\/p>\n<p><span style=\"font-family: Montserrat;font-weight: normal;font-size: xx-large\">\u00a0<\/span><\/p>\n<p><span style=\"font-family: Montserrat;font-weight: normal;font-size: xx-large\">Anim\u00e9e par Jean-Marc Joly du Groupe Ornithologique Normand<br \/><\/span><\/p>\n<p>&nbsp;<\/p>\n<p>http:\/\/www.gonm.org\/<\/p>\n<p>[\/et_pb_text][\/et_pb_column][\/et_pb_row][\/et_pb_section]<\/p>\n","protected":false},"excerpt":{"rendered":"<p>CONFERENCES&nbsp; DIMANCHE \u00e0 partir de 11h00 &nbsp;DIMANCHE \u00e0 13h30 Matthieu Dalmais Conf\u00e9rence Gesticul\u00e9e sur la S\u00e9curit\u00e9 Sociale de l&rsquo;alimentation \u00ab\u00a0De la fourche \u00e0 la fourchette&#8230; \u00a0\u00a0\u00a0\u00a0\u00a0\u00a0\u00a0\u00a0\u00a0\u00a0\u00a0\u00a0\u00a0\u00a0\u00a0\u00a0\u00a0 Non ! l&rsquo;inverse !!\u00a0\u00bb &nbsp; https:\/\/conferences-gesticulees.net\/conferences\/de-fourche-a-fourchette-non-linverse\/ \u00a0 &nbsp;DIMANCHE \u00e0 15h30 Conf\u00e9rence \u00a0\u00a0\u00a0\u00a0\u00a0\u00a0\u00a0\u00a0 \u00ab\u00a0L&rsquo;injuste prix de notre alimentation, quels co\u00fbts pour la soci\u00e9t\u00e9 et notre plan\u00e8te ?\u00a0\u00bb \u00a0 Avec le [&hellip;]<\/p>\n","protected":false},"author":2,"featured_media":0,"parent":0,"menu_order":0,"comment_status":"closed","ping_status":"closed","template":"","meta":{"_et_pb_use_builder":"on","_et_pb_old_content":"","_et_gb_content_width":"","footnotes":""},"class_list":["post-493","page","type-page","status-publish","hentry"],"yoast_head":"<!-- This site is optimized with the Yoast SEO plugin v24.2 - https:\/\/yoast.com\/wordpress\/plugins\/seo\/ -->\n<title>Conf\u00e9rences - La F\u00eate de la Bio - \u00c9dition 2025<\/title>\n<meta name=\"robots\" content=\"index, follow, max-snippet:-1, max-image-preview:large, max-video-preview:-1\" \/>\n<link rel=\"canonical\" href=\"https:\/\/fetedelabio.org\/2025\/conferences\/\" \/>\n<meta property=\"og:locale\" content=\"fr_FR\" \/>\n<meta property=\"og:type\" content=\"article\" \/>\n<meta property=\"og:title\" content=\"Conf\u00e9rences - La F\u00eate de la Bio - \u00c9dition 2025\" \/>\n<meta property=\"og:description\" content=\"CONFERENCES&nbsp; DIMANCHE \u00e0 partir de 11h00 &nbsp;DIMANCHE \u00e0 13h30 Matthieu Dalmais Conf\u00e9rence Gesticul\u00e9e sur la S\u00e9curit\u00e9 Sociale de l&#039;alimentation &quot;De la fourche \u00e0 la fourchette... \u00a0\u00a0\u00a0\u00a0\u00a0\u00a0\u00a0\u00a0\u00a0\u00a0\u00a0\u00a0\u00a0\u00a0\u00a0\u00a0\u00a0 Non ! l&#039;inverse !!&quot; &nbsp; https:\/\/conferences-gesticulees.net\/conferences\/de-fourche-a-fourchette-non-linverse\/ \u00a0 &nbsp;DIMANCHE \u00e0 15h30 Conf\u00e9rence \u00a0\u00a0\u00a0\u00a0\u00a0\u00a0\u00a0\u00a0 &quot;L&#039;injuste prix de notre alimentation, quels co\u00fbts pour la soci\u00e9t\u00e9 et notre plan\u00e8te ?&quot; \u00a0 Avec le [&hellip;]\" \/>\n<meta property=\"og:url\" content=\"https:\/\/fetedelabio.org\/2025\/conferences\/\" \/>\n<meta property=\"og:site_name\" content=\"La F\u00eate de la Bio - \u00c9dition 2025\" \/>\n<meta property=\"article:publisher\" content=\"https:\/\/www.facebook.com\/fetedelabionormandie\" \/>\n<meta property=\"article:modified_time\" content=\"2025-05-24T15:00:38+00:00\" \/>\n<meta name=\"twitter:card\" content=\"summary_large_image\" \/>\n<script type=\"application\/ld+json\" class=\"yoast-schema-graph\">{\"@context\":\"https:\/\/schema.org\",\"@graph\":[{\"@type\":\"WebPage\",\"@id\":\"https:\/\/fetedelabio.org\/2025\/conferences\/\",\"url\":\"https:\/\/fetedelabio.org\/2025\/conferences\/\",\"name\":\"Conf\u00e9rences - La F\u00eate de la Bio - \u00c9dition 2025\",\"isPartOf\":{\"@id\":\"https:\/\/fetedelabio.org\/2025\/#website\"},\"datePublished\":\"2025-05-07T21:16:37+00:00\",\"dateModified\":\"2025-05-24T15:00:38+00:00\",\"breadcrumb\":{\"@id\":\"https:\/\/fetedelabio.org\/2025\/conferences\/#breadcrumb\"},\"inLanguage\":\"fr-FR\",\"potentialAction\":[{\"@type\":\"ReadAction\",\"target\":[\"https:\/\/fetedelabio.org\/2025\/conferences\/\"]}]},{\"@type\":\"BreadcrumbList\",\"@id\":\"https:\/\/fetedelabio.org\/2025\/conferences\/#breadcrumb\",\"itemListElement\":[{\"@type\":\"ListItem\",\"position\":1,\"name\":\"Accueil\",\"item\":\"https:\/\/fetedelabio.org\/2025\/\"},{\"@type\":\"ListItem\",\"position\":2,\"name\":\"Conf\u00e9rences\"}]},{\"@type\":\"WebSite\",\"@id\":\"https:\/\/fetedelabio.org\/2025\/#website\",\"url\":\"https:\/\/fetedelabio.org\/2025\/\",\"name\":\"La F\u00eate de la Bio - \u00c9dition 2025\",\"description\":\"\",\"publisher\":{\"@id\":\"https:\/\/fetedelabio.org\/2025\/#organization\"},\"potentialAction\":[{\"@type\":\"SearchAction\",\"target\":{\"@type\":\"EntryPoint\",\"urlTemplate\":\"https:\/\/fetedelabio.org\/2025\/?s={search_term_string}\"},\"query-input\":{\"@type\":\"PropertyValueSpecification\",\"valueRequired\":true,\"valueName\":\"search_term_string\"}}],\"inLanguage\":\"fr-FR\"},{\"@type\":\"Organization\",\"@id\":\"https:\/\/fetedelabio.org\/2025\/#organization\",\"name\":\"La F\u00eate de la Bio - \u00c9dition 2025\",\"url\":\"https:\/\/fetedelabio.org\/2025\/\",\"logo\":{\"@type\":\"ImageObject\",\"inLanguage\":\"fr-FR\",\"@id\":\"https:\/\/fetedelabio.org\/2025\/#\/schema\/logo\/image\/\",\"url\":\"https:\/\/fetedelabio.org\/2025\/wp-content\/uploads\/sites\/3\/2025\/03\/Logo.png\",\"contentUrl\":\"https:\/\/fetedelabio.org\/2025\/wp-content\/uploads\/sites\/3\/2025\/03\/Logo.png\",\"width\":3648,\"height\":2580,\"caption\":\"La F\u00eate de la Bio - \u00c9dition 2025\"},\"image\":{\"@id\":\"https:\/\/fetedelabio.org\/2025\/#\/schema\/logo\/image\/\"},\"sameAs\":[\"https:\/\/www.facebook.com\/fetedelabionormandie\",\"https:\/\/www.instagram.com\/fetedelabionormandie\/\"]}]}<\/script>\n<!-- \/ Yoast SEO plugin. -->","yoast_head_json":{"title":"Conf\u00e9rences - La F\u00eate de la Bio - \u00c9dition 2025","robots":{"index":"index","follow":"follow","max-snippet":"max-snippet:-1","max-image-preview":"max-image-preview:large","max-video-preview":"max-video-preview:-1"},"canonical":"https:\/\/fetedelabio.org\/2025\/conferences\/","og_locale":"fr_FR","og_type":"article","og_title":"Conf\u00e9rences - La F\u00eate de la Bio - \u00c9dition 2025","og_description":"CONFERENCES&nbsp; DIMANCHE \u00e0 partir de 11h00 &nbsp;DIMANCHE \u00e0 13h30 Matthieu Dalmais Conf\u00e9rence Gesticul\u00e9e sur la S\u00e9curit\u00e9 Sociale de l'alimentation \"De la fourche \u00e0 la fourchette... \u00a0\u00a0\u00a0\u00a0\u00a0\u00a0\u00a0\u00a0\u00a0\u00a0\u00a0\u00a0\u00a0\u00a0\u00a0\u00a0\u00a0 Non ! l'inverse !!\" &nbsp; https:\/\/conferences-gesticulees.net\/conferences\/de-fourche-a-fourchette-non-linverse\/ \u00a0 &nbsp;DIMANCHE \u00e0 15h30 Conf\u00e9rence \u00a0\u00a0\u00a0\u00a0\u00a0\u00a0\u00a0\u00a0 \"L'injuste prix de notre alimentation, quels co\u00fbts pour la soci\u00e9t\u00e9 et notre plan\u00e8te ?\" \u00a0 Avec le [&hellip;]","og_url":"https:\/\/fetedelabio.org\/2025\/conferences\/","og_site_name":"La F\u00eate de la Bio - \u00c9dition 2025","article_publisher":"https:\/\/www.facebook.com\/fetedelabionormandie","article_modified_time":"2025-05-24T15:00:38+00:00","twitter_card":"summary_large_image","schema":{"@context":"https:\/\/schema.org","@graph":[{"@type":"WebPage","@id":"https:\/\/fetedelabio.org\/2025\/conferences\/","url":"https:\/\/fetedelabio.org\/2025\/conferences\/","name":"Conf\u00e9rences - La F\u00eate de la Bio - \u00c9dition 2025","isPartOf":{"@id":"https:\/\/fetedelabio.org\/2025\/#website"},"datePublished":"2025-05-07T21:16:37+00:00","dateModified":"2025-05-24T15:00:38+00:00","breadcrumb":{"@id":"https:\/\/fetedelabio.org\/2025\/conferences\/#breadcrumb"},"inLanguage":"fr-FR","potentialAction":[{"@type":"ReadAction","target":["https:\/\/fetedelabio.org\/2025\/conferences\/"]}]},{"@type":"BreadcrumbList","@id":"https:\/\/fetedelabio.org\/2025\/conferences\/#breadcrumb","itemListElement":[{"@type":"ListItem","position":1,"name":"Accueil","item":"https:\/\/fetedelabio.org\/2025\/"},{"@type":"ListItem","position":2,"name":"Conf\u00e9rences"}]},{"@type":"WebSite","@id":"https:\/\/fetedelabio.org\/2025\/#website","url":"https:\/\/fetedelabio.org\/2025\/","name":"La F\u00eate de la Bio - \u00c9dition 2025","description":"","publisher":{"@id":"https:\/\/fetedelabio.org\/2025\/#organization"},"potentialAction":[{"@type":"SearchAction","target":{"@type":"EntryPoint","urlTemplate":"https:\/\/fetedelabio.org\/2025\/?s={search_term_string}"},"query-input":{"@type":"PropertyValueSpecification","valueRequired":true,"valueName":"search_term_string"}}],"inLanguage":"fr-FR"},{"@type":"Organization","@id":"https:\/\/fetedelabio.org\/2025\/#organization","name":"La F\u00eate de la Bio - \u00c9dition 2025","url":"https:\/\/fetedelabio.org\/2025\/","logo":{"@type":"ImageObject","inLanguage":"fr-FR","@id":"https:\/\/fetedelabio.org\/2025\/#\/schema\/logo\/image\/","url":"https:\/\/fetedelabio.org\/2025\/wp-content\/uploads\/sites\/3\/2025\/03\/Logo.png","contentUrl":"https:\/\/fetedelabio.org\/2025\/wp-content\/uploads\/sites\/3\/2025\/03\/Logo.png","width":3648,"height":2580,"caption":"La F\u00eate de la Bio - \u00c9dition 2025"},"image":{"@id":"https:\/\/fetedelabio.org\/2025\/#\/schema\/logo\/image\/"},"sameAs":["https:\/\/www.facebook.com\/fetedelabionormandie","https:\/\/www.instagram.com\/fetedelabionormandie\/"]}]}},"_links":{"self":[{"href":"https:\/\/fetedelabio.org\/2025\/wp-json\/wp\/v2\/pages\/493","targetHints":{"allow":["GET"]}}],"collection":[{"href":"https:\/\/fetedelabio.org\/2025\/wp-json\/wp\/v2\/pages"}],"about":[{"href":"https:\/\/fetedelabio.org\/2025\/wp-json\/wp\/v2\/types\/page"}],"author":[{"embeddable":true,"href":"https:\/\/fetedelabio.org\/2025\/wp-json\/wp\/v2\/users\/2"}],"replies":[{"embeddable":true,"href":"https:\/\/fetedelabio.org\/2025\/wp-json\/wp\/v2\/comments?post=493"}],"version-history":[{"count":4,"href":"https:\/\/fetedelabio.org\/2025\/wp-json\/wp\/v2\/pages\/493\/revisions"}],"predecessor-version":[{"id":599,"href":"https:\/\/fetedelabio.org\/2025\/wp-json\/wp\/v2\/pages\/493\/revisions\/599"}],"wp:attachment":[{"href":"https:\/\/fetedelabio.org\/2025\/wp-json\/wp\/v2\/media?parent=493"}],"curies":[{"name":"wp","href":"https:\/\/api.w.org\/{rel}","templated":true}]}}