{"id":506,"date":"2025-05-24T18:25:20","date_gmt":"2025-05-24T16:25:20","guid":{"rendered":"https:\/\/fetedelabio.org\/2025\/?page_id=506"},"modified":"2025-05-24T18:25:21","modified_gmt":"2025-05-24T16:25:21","slug":"animations","status":"publish","type":"page","link":"https:\/\/fetedelabio.org\/2025\/animations\/","title":{"rendered":"Animations"},"content":{"rendered":"\n[et_pb_section fb_built=\u00a0\u00bb1&Prime; _builder_version=\u00a0\u00bb4.27.4&Prime; _module_preset=\u00a0\u00bbdefault\u00a0\u00bb background_color=\u00a0\u00bb#ffd149&Prime; background_image=\u00a0\u00bbhttps:\/\/fetedelabio.org\/2025\/wp-content\/uploads\/sites\/3\/2025\/03\/Banniere-facebook.png\u00a0\u00bb min_height=\u00a0\u00bb491.8px\u00a0\u00bb custom_margin=\u00a0\u00bb||52px|||\u00a0\u00bb custom_padding=\u00a0\u00bb|518px|0px|||\u00a0\u00bb da_disable_devices=\u00a0\u00bboff|off|off\u00a0\u00bb locked=\u00a0\u00bboff\u00a0\u00bb global_colors_info=\u00a0\u00bb{}\u00a0\u00bb da_is_popup=\u00a0\u00bboff\u00a0\u00bb da_exit_intent=\u00a0\u00bboff\u00a0\u00bb da_has_close=\u00a0\u00bbon\u00a0\u00bb da_alt_close=\u00a0\u00bboff\u00a0\u00bb da_dark_close=\u00a0\u00bboff\u00a0\u00bb da_not_modal=\u00a0\u00bbon\u00a0\u00bb da_is_singular=\u00a0\u00bboff\u00a0\u00bb da_with_loader=\u00a0\u00bboff\u00a0\u00bb da_has_shadow=\u00a0\u00bbon\u00a0\u00bb][et_pb_row _builder_version=\u00a0\u00bb4.27.4&Prime; _module_preset=\u00a0\u00bbdefault\u00a0\u00bb global_colors_info=\u00a0\u00bb{}\u00a0\u00bb][et_pb_column type=\u00a0\u00bb4_4&Prime; _builder_version=\u00a0\u00bb4.27.4&Prime; _module_preset=\u00a0\u00bbdefault\u00a0\u00bb global_colors_info=\u00a0\u00bb{}\u00a0\u00bb][et_pb_text _builder_version=\u00a0\u00bb4.27.4&Prime; _module_preset=\u00a0\u00bbdefault\u00a0\u00bb text_font=\u00a0\u00bbBona Nova||||||||\u00a0\u00bb text_text_color=\u00a0\u00bb#5bbc1a\u00a0\u00bb text_font_size=\u00a0\u00bb100px\u00a0\u00bb text_letter_spacing=\u00a0\u00bb4px\u00a0\u00bb text_line_height=\u00a0\u00bb2em\u00a0\u00bb width=\u00a0\u00bb100%\u00a0\u00bb custom_margin=\u00a0\u00bb||-74px|||\u00a0\u00bb custom_padding=\u00a0\u00bb||136px|||\u00a0\u00bb global_colors_info=\u00a0\u00bb{}\u00a0\u00bb]<p style=\"text-align: center\">ANIMATIONS<\/p>[\/et_pb_text][\/et_pb_column][\/et_pb_row][et_pb_row column_structure=\u00a0\u00bb1_2,1_2&Prime; _builder_version=\u00a0\u00bb4.27.4&Prime; _module_preset=\u00a0\u00bbdefault\u00a0\u00bb global_colors_info=\u00a0\u00bb{}\u00a0\u00bb][et_pb_column type=\u00a0\u00bb1_2&Prime; _builder_version=\u00a0\u00bb4.27.4&Prime; _module_preset=\u00a0\u00bbdefault\u00a0\u00bb global_colors_info=\u00a0\u00bb{}\u00a0\u00bb][et_pb_text _builder_version=\u00a0\u00bb4.27.4&Prime; _module_preset=\u00a0\u00bbdefault\u00a0\u00bb text_text_color=\u00a0\u00bb#398e15&Prime; text_font_size=\u00a0\u00bb24px\u00a0\u00bb width=\u00a0\u00bb88.3%\u00a0\u00bb global_colors_info=\u00a0\u00bb{}\u00a0\u00bb]<p><strong>SAMEDI <\/strong><\/p>\n<p><strong>\u00e0 partir de 11h00<\/strong><\/p>\n<p><strong>DIMANCHE<\/strong><\/p>\n<p><strong>\u00e0 partir de 10h00<\/strong><\/p>\n<p>&nbsp;<\/p>[\/et_pb_text][\/et_pb_column][et_pb_column type=\u00a0\u00bb1_2&Prime; _builder_version=\u00a0\u00bb4.27.4&Prime; _module_preset=\u00a0\u00bbdefault\u00a0\u00bb global_colors_info=\u00a0\u00bb{}\u00a0\u00bb][\/et_pb_column][\/et_pb_row][\/et_pb_section][et_pb_section fb_built=\u00a0\u00bb1&Prime; theme_builder_area=\u00a0\u00bbpost_content\u00a0\u00bb _builder_version=\u00a0\u00bb4.27.4&Prime; _module_preset=\u00a0\u00bbdefault\u00a0\u00bb background_color=\u00a0\u00bb#019927&Prime; hover_enabled=\u00a0\u00bb0&Prime; sticky_enabled=\u00a0\u00bb0&Prime; da_is_popup=\u00a0\u00bboff\u00a0\u00bb da_exit_intent=\u00a0\u00bboff\u00a0\u00bb da_has_close=\u00a0\u00bbon\u00a0\u00bb da_alt_close=\u00a0\u00bboff\u00a0\u00bb da_dark_close=\u00a0\u00bboff\u00a0\u00bb da_not_modal=\u00a0\u00bbon\u00a0\u00bb da_is_singular=\u00a0\u00bboff\u00a0\u00bb da_with_loader=\u00a0\u00bboff\u00a0\u00bb da_has_shadow=\u00a0\u00bbon\u00a0\u00bb da_disable_devices=\u00a0\u00bboff|off|off\u00a0\u00bb][et_pb_row _builder_version=\u00a0\u00bb4.27.4&Prime; _module_preset=\u00a0\u00bbdefault\u00a0\u00bb theme_builder_area=\u00a0\u00bbpost_content\u00a0\u00bb][et_pb_column _builder_version=\u00a0\u00bb4.27.4&Prime; _module_preset=\u00a0\u00bbdefault\u00a0\u00bb type=\u00a0\u00bb4_4&Prime; theme_builder_area=\u00a0\u00bbpost_content\u00a0\u00bb][et_pb_button button_url=\u00a0\u00bbhttps:\/\/fetedelabio.org\/2025\/programme\u00a0\u00bb button_text=\u00a0\u00bbHORAIRES\u00a0\u00bb button_alignment=\u00a0\u00bbcenter\u00a0\u00bb _builder_version=\u00a0\u00bb4.27.4&Prime; _module_preset=\u00a0\u00bbdefault\u00a0\u00bb custom_button=\u00a0\u00bbon\u00a0\u00bb button_text_size=\u00a0\u00bb20px\u00a0\u00bb button_text_color=\u00a0\u00bb#000000&Prime; button_bg_color=\u00a0\u00bb#fff7e7&Prime; button_border_width=\u00a0\u00bb5px\u00a0\u00bb button_border_color=\u00a0\u00bb#f58ac3&Prime; button_border_radius=\u00a0\u00bb16px\u00a0\u00bb button_letter_spacing=\u00a0\u00bb7px\u00a0\u00bb button_icon=\u00a0\u00bb&#x69;||divi||400&Prime; button_on_hover=\u00a0\u00bboff\u00a0\u00bb custom_padding=\u00a0\u00bb||11px|||\u00a0\u00bb hover_enabled=\u00a0\u00bb0&Prime; global_colors_info=\u00a0\u00bb{}\u00a0\u00bb theme_builder_area=\u00a0\u00bbpost_content\u00a0\u00bb sticky_enabled=\u00a0\u00bb0&Prime;][\/et_pb_button][\/et_pb_column][\/et_pb_row][\/et_pb_section][et_pb_section fb_built=\u00a0\u00bb1&Prime; _builder_version=\u00a0\u00bb4.27.4&Prime; _module_preset=\u00a0\u00bbdefault\u00a0\u00bb background_color=\u00a0\u00bb#e0bab5&Prime; da_disable_devices=\u00a0\u00bboff|off|off\u00a0\u00bb global_colors_info=\u00a0\u00bb{}\u00a0\u00bb da_is_popup=\u00a0\u00bboff\u00a0\u00bb da_exit_intent=\u00a0\u00bboff\u00a0\u00bb da_has_close=\u00a0\u00bbon\u00a0\u00bb da_alt_close=\u00a0\u00bboff\u00a0\u00bb da_dark_close=\u00a0\u00bboff\u00a0\u00bb da_not_modal=\u00a0\u00bbon\u00a0\u00bb da_is_singular=\u00a0\u00bboff\u00a0\u00bb da_with_loader=\u00a0\u00bboff\u00a0\u00bb da_has_shadow=\u00a0\u00bbon\u00a0\u00bb][et_pb_row column_structure=\u00a0\u00bb1_2,1_2&Prime; _builder_version=\u00a0\u00bb4.27.4&Prime; _module_preset=\u00a0\u00bbdefault\u00a0\u00bb global_colors_info=\u00a0\u00bb{}\u00a0\u00bb][et_pb_column type=\u00a0\u00bb1_2&Prime; _builder_version=\u00a0\u00bb4.27.4&Prime; _module_preset=\u00a0\u00bbdefault\u00a0\u00bb global_colors_info=\u00a0\u00bb{}\u00a0\u00bb][et_pb_text _builder_version=\u00a0\u00bb4.27.4&Prime; _module_preset=\u00a0\u00bbdefault\u00a0\u00bb global_colors_info=\u00a0\u00bb{}\u00a0\u00bb]<h1><strong>Balades<\/strong><\/h1>[\/et_pb_text][et_pb_image src=\u00a0\u00bbhttps:\/\/fetedelabio.org\/2025\/wp-content\/uploads\/sites\/3\/2025\/05\/Affiche-FDLB-Balades-nature.jpg\u00a0\u00bb title_text=\u00a0\u00bbAffiche FDLB Balades nature\u00a0\u00bb align=\u00a0\u00bbcenter\u00a0\u00bb _builder_version=\u00a0\u00bb4.27.4&Prime; _module_preset=\u00a0\u00bbdefault\u00a0\u00bb background_color=\u00a0\u00bbrgba(224,189,188,0.76)\u00a0\u00bb border_color_all=\u00a0\u00bb#FFFFFF\u00a0\u00bb global_colors_info=\u00a0\u00bb{}\u00a0\u00bb][\/et_pb_image][\/et_pb_column][et_pb_column type=\u00a0\u00bb1_2&Prime; _builder_version=\u00a0\u00bb4.27.4&Prime; _module_preset=\u00a0\u00bbdefault\u00a0\u00bb global_colors_info=\u00a0\u00bb{}\u00a0\u00bb][et_pb_text _builder_version=\u00a0\u00bb4.27.4&Prime; _module_preset=\u00a0\u00bbdefault\u00a0\u00bb hover_enabled=\u00a0\u00bb0&Prime; global_colors_info=\u00a0\u00bb{}\u00a0\u00bb sticky_enabled=\u00a0\u00bb0&Prime;]<h1><strong>Initiation<\/strong><\/h1>[\/et_pb_text][et_pb_text _builder_version=\u00a0\u00bb4.27.4&Prime; _module_preset=\u00a0\u00bbdefault\u00a0\u00bb hover_enabled=\u00a0\u00bb0&Prime; global_colors_info=\u00a0\u00bb{}\u00a0\u00bb sticky_enabled=\u00a0\u00bb0&Prime;]<h1><strong>Photo animali\u00e8re<br \/><\/strong><\/h1>\n<h3><strong>avec Julien Balidas<\/strong><\/h3>[\/et_pb_text][et_pb_text _builder_version=\u00a0\u00bb4.27.4&Prime; _module_preset=\u00a0\u00bbdefault\u00a0\u00bb hover_enabled=\u00a0\u00bb0&Prime; sticky_enabled=\u00a0\u00bb0&Prime;]<h4 style=\"text-align: center\"><strong>Samedi : 11h et 14h<br \/><\/strong><\/h4>\n<h4 style=\"text-align: center\"><strong>Dimanche : 11h et 14h<br \/><\/strong><\/h4>[\/et_pb_text][et_pb_image src=\u00a0\u00bbhttps:\/\/fetedelabio.org\/2025\/wp-content\/uploads\/sites\/3\/2025\/05\/P35185773D6776342G_crop_640-330_.webp\u00a0\u00bb _builder_version=\u00a0\u00bb4.27.4&Prime; _module_preset=\u00a0\u00bbdefault\u00a0\u00bb title_text=\u00a0\u00bbP35185773D6776342G_crop_640-330_\u00a0\u00bb hover_enabled=\u00a0\u00bb0&Prime; sticky_enabled=\u00a0\u00bb0&Prime;][\/et_pb_image][\/et_pb_column][\/et_pb_row][et_pb_row _builder_version=\u00a0\u00bb4.27.4&Prime; _module_preset=\u00a0\u00bbdefault\u00a0\u00bb global_colors_info=\u00a0\u00bb{}\u00a0\u00bb][et_pb_column type=\u00a0\u00bb4_4&Prime; _builder_version=\u00a0\u00bb4.27.4&Prime; _module_preset=\u00a0\u00bbdefault\u00a0\u00bb global_colors_info=\u00a0\u00bb{}\u00a0\u00bb][et_pb_text _builder_version=\u00a0\u00bb4.27.4&Prime; _module_preset=\u00a0\u00bbdefault\u00a0\u00bb global_colors_info=\u00a0\u00bb{}\u00a0\u00bb]<h1><strong>Ateliers<\/strong><\/h1>[\/et_pb_text][\/et_pb_column][\/et_pb_row][et_pb_row column_structure=\u00a0\u00bb1_3,1_3,1_3&Prime; _builder_version=\u00a0\u00bb4.27.4&Prime; _module_preset=\u00a0\u00bbdefault\u00a0\u00bb global_colors_info=\u00a0\u00bb{}\u00a0\u00bb][et_pb_column type=\u00a0\u00bb1_3&Prime; _builder_version=\u00a0\u00bb4.27.4&Prime; _module_preset=\u00a0\u00bbdefault\u00a0\u00bb global_colors_info=\u00a0\u00bb{}\u00a0\u00bb][et_pb_text _builder_version=\u00a0\u00bb4.27.4&Prime; _module_preset=\u00a0\u00bbdefault\u00a0\u00bb hover_enabled=\u00a0\u00bb0&Prime; global_colors_info=\u00a0\u00bb{}\u00a0\u00bb sticky_enabled=\u00a0\u00bb0&Prime;]<h2><strong>Vannerie<\/strong><\/h2>\n<h3><strong> avec Marie de Haut les Brins<br \/><\/strong><\/h3>[\/et_pb_text][\/et_pb_column][et_pb_column type=\u00a0\u00bb1_3&Prime; _builder_version=\u00a0\u00bb4.27.4&Prime; _module_preset=\u00a0\u00bbdefault\u00a0\u00bb global_colors_info=\u00a0\u00bb{}\u00a0\u00bb][et_pb_text _builder_version=\u00a0\u00bb4.27.4&Prime; _module_preset=\u00a0\u00bbdefault\u00a0\u00bb hover_enabled=\u00a0\u00bb0&Prime; global_colors_info=\u00a0\u00bb{}\u00a0\u00bb sticky_enabled=\u00a0\u00bb0&Prime;]<h2><strong>Pain et viennoiserie<br \/><\/strong><\/h2>\n<h3><strong> avec le Troubafour<br \/><\/strong><\/h3>[\/et_pb_text][\/et_pb_column][et_pb_column type=\u00a0\u00bb1_3&Prime; _builder_version=\u00a0\u00bb4.27.4&Prime; _module_preset=\u00a0\u00bbdefault\u00a0\u00bb global_colors_info=\u00a0\u00bb{}\u00a0\u00bb][et_pb_text _builder_version=\u00a0\u00bb4.27.4&Prime; _module_preset=\u00a0\u00bbdefault\u00a0\u00bb hover_enabled=\u00a0\u00bb0&Prime; global_colors_info=\u00a0\u00bb{}\u00a0\u00bb sticky_enabled=\u00a0\u00bb0&Prime;]<h2><strong>Lactofermentation<\/strong><\/h2>\n<h3><strong> avec La Mare Mitonne<br \/><\/strong><\/h3>[\/et_pb_text][\/et_pb_column][\/et_pb_row][et_pb_row column_structure=\u00a0\u00bb1_3,1_3,1_3&Prime; _builder_version=\u00a0\u00bb4.27.4&Prime; _module_preset=\u00a0\u00bbdefault\u00a0\u00bb global_colors_info=\u00a0\u00bb{}\u00a0\u00bb][et_pb_column type=\u00a0\u00bb1_3&Prime; _builder_version=\u00a0\u00bb4.27.4&Prime; _module_preset=\u00a0\u00bbdefault\u00a0\u00bb global_colors_info=\u00a0\u00bb{}\u00a0\u00bb][et_pb_image src=\u00a0\u00bbhttps:\/\/fetedelabio.org\/2025\/wp-content\/uploads\/sites\/3\/2025\/05\/482023667_694327499589792_6896255048162490859_n.jpg\u00a0\u00bb title_text=\u00a0\u00bbedf\u00a0\u00bb _builder_version=\u00a0\u00bb4.27.4&Prime; _module_preset=\u00a0\u00bbdefault\u00a0\u00bb global_colors_info=\u00a0\u00bb{}\u00a0\u00bb][\/et_pb_image][\/et_pb_column][et_pb_column type=\u00a0\u00bb1_3&Prime; _builder_version=\u00a0\u00bb4.27.4&Prime; _module_preset=\u00a0\u00bbdefault\u00a0\u00bb global_colors_info=\u00a0\u00bb{}\u00a0\u00bb][et_pb_image src=\u00a0\u00bbhttps:\/\/fetedelabio.org\/2025\/wp-content\/uploads\/sites\/3\/2025\/05\/Atelier-PDJ-pain-1-scaled.jpg\u00a0\u00bb title_text=\u00a0\u00bbAtelier PDJ pain 1&Prime; _builder_version=\u00a0\u00bb4.27.4&Prime; _module_preset=\u00a0\u00bbdefault\u00a0\u00bb global_colors_info=\u00a0\u00bb{}\u00a0\u00bb][\/et_pb_image][\/et_pb_column][et_pb_column type=\u00a0\u00bb1_3&Prime; _builder_version=\u00a0\u00bb4.27.4&Prime; _module_preset=\u00a0\u00bbdefault\u00a0\u00bb global_colors_info=\u00a0\u00bb{}\u00a0\u00bb][et_pb_image src=\u00a0\u00bbhttps:\/\/fetedelabio.org\/2025\/wp-content\/uploads\/sites\/3\/2025\/05\/IMG_20250521_162159-scaled.jpg\u00a0\u00bb title_text=\u00a0\u00bbIMG_20250521_162159&Prime; _builder_version=\u00a0\u00bb4.27.4&Prime; _module_preset=\u00a0\u00bbdefault\u00a0\u00bb width=\u00a0\u00bb62%\u00a0\u00bb global_colors_info=\u00a0\u00bb{}\u00a0\u00bb][\/et_pb_image][\/et_pb_column][\/et_pb_row][et_pb_row column_structure=\u00a0\u00bb1_3,1_3,1_3&Prime; _builder_version=\u00a0\u00bb4.27.4&Prime; _module_preset=\u00a0\u00bbdefault\u00a0\u00bb global_colors_info=\u00a0\u00bb{}\u00a0\u00bb][et_pb_column type=\u00a0\u00bb1_3&Prime; _builder_version=\u00a0\u00bb4.27.4&Prime; _module_preset=\u00a0\u00bbdefault\u00a0\u00bb global_colors_info=\u00a0\u00bb{}\u00a0\u00bb][et_pb_text _builder_version=\u00a0\u00bb4.27.4&Prime; _module_preset=\u00a0\u00bbdefault\u00a0\u00bb hover_enabled=\u00a0\u00bb0&Prime; sticky_enabled=\u00a0\u00bb0&Prime;]<h4 style=\"text-align: center\"><strong>Samedi : 16h30<\/strong><\/h4>\n<h4 style=\"text-align: center\"><strong>Dimanche : 14h<\/strong><\/h4>[\/et_pb_text][\/et_pb_column][et_pb_column type=\u00a0\u00bb1_3&Prime; _builder_version=\u00a0\u00bb4.27.4&Prime; _module_preset=\u00a0\u00bbdefault\u00a0\u00bb global_colors_info=\u00a0\u00bb{}\u00a0\u00bb][et_pb_text _builder_version=\u00a0\u00bb4.27.4&Prime; _module_preset=\u00a0\u00bbdefault\u00a0\u00bb hover_enabled=\u00a0\u00bb0&Prime; sticky_enabled=\u00a0\u00bb0&Prime;]<h4 style=\"text-align: center\"><strong>Samedi : 15h<br \/><\/strong><\/h4>\n<h4 style=\"text-align: center\"><strong>Dimanche : 15h<\/strong><\/h4>[\/et_pb_text][\/et_pb_column][et_pb_column type=\u00a0\u00bb1_3&Prime; _builder_version=\u00a0\u00bb4.27.4&Prime; _module_preset=\u00a0\u00bbdefault\u00a0\u00bb global_colors_info=\u00a0\u00bb{}\u00a0\u00bb][et_pb_text _builder_version=\u00a0\u00bb4.27.4&Prime; _module_preset=\u00a0\u00bbdefault\u00a0\u00bb hover_enabled=\u00a0\u00bb0&Prime; sticky_enabled=\u00a0\u00bb0&Prime;]<h4 style=\"text-align: center\"><strong>Dimanche : 11h30<\/strong><\/h4>[\/et_pb_text][\/et_pb_column][\/et_pb_row][\/et_pb_section][et_pb_section fb_built=\u00a0\u00bb1&Prime; _builder_version=\u00a0\u00bb4.27.4&Prime; _module_preset=\u00a0\u00bbdefault\u00a0\u00bb background_color=\u00a0\u00bb#e0bab5&Prime; da_disable_devices=\u00a0\u00bboff|off|off\u00a0\u00bb global_colors_info=\u00a0\u00bb{}\u00a0\u00bb da_is_popup=\u00a0\u00bboff\u00a0\u00bb da_exit_intent=\u00a0\u00bboff\u00a0\u00bb da_has_close=\u00a0\u00bbon\u00a0\u00bb da_alt_close=\u00a0\u00bboff\u00a0\u00bb da_dark_close=\u00a0\u00bboff\u00a0\u00bb da_not_modal=\u00a0\u00bbon\u00a0\u00bb da_is_singular=\u00a0\u00bboff\u00a0\u00bb da_with_loader=\u00a0\u00bboff\u00a0\u00bb da_has_shadow=\u00a0\u00bbon\u00a0\u00bb][et_pb_row _builder_version=\u00a0\u00bb4.27.4&Prime; _module_preset=\u00a0\u00bbdefault\u00a0\u00bb global_colors_info=\u00a0\u00bb{}\u00a0\u00bb][et_pb_column type=\u00a0\u00bb4_4&Prime; _builder_version=\u00a0\u00bb4.27.4&Prime; _module_preset=\u00a0\u00bbdefault\u00a0\u00bb global_colors_info=\u00a0\u00bb{}\u00a0\u00bb][et_pb_text _builder_version=\u00a0\u00bb4.27.4&Prime; _module_preset=\u00a0\u00bbdefault\u00a0\u00bb global_colors_info=\u00a0\u00bb{}\u00a0\u00bb]<h1><strong>Mais aussi tout au long du week-end &#8230;<br \/><\/strong><\/h1>[\/et_pb_text][\/et_pb_column][\/et_pb_row][et_pb_row column_structure=\u00a0\u00bb1_3,1_3,1_3&Prime; _builder_version=\u00a0\u00bb4.27.4&Prime; _module_preset=\u00a0\u00bbdefault\u00a0\u00bb global_colors_info=\u00a0\u00bb{}\u00a0\u00bb][et_pb_column type=\u00a0\u00bb1_3&Prime; _builder_version=\u00a0\u00bb4.27.4&Prime; _module_preset=\u00a0\u00bbdefault\u00a0\u00bb global_colors_info=\u00a0\u00bb{}\u00a0\u00bb][et_pb_text _builder_version=\u00a0\u00bb4.27.4&Prime; _module_preset=\u00a0\u00bbdefault\u00a0\u00bb global_colors_info=\u00a0\u00bb{}\u00a0\u00bb]<h1><strong>Grimpe aux arbres<br \/><\/strong><\/h1>\n<p><strong>avec la Tribu des Cimes<\/strong><\/p>[\/et_pb_text][et_pb_image src=\u00a0\u00bbhttps:\/\/fetedelabio.org\/2025\/wp-content\/uploads\/sites\/3\/2025\/05\/480795816_562922040128480_6156531881261906915_n.jpg\u00a0\u00bb title_text=\u00a0\u00bbExif_JPEG_420&Prime; _builder_version=\u00a0\u00bb4.27.4&Prime; _module_preset=\u00a0\u00bbdefault\u00a0\u00bb global_colors_info=\u00a0\u00bb{}\u00a0\u00bb][\/et_pb_image][\/et_pb_column][et_pb_column type=\u00a0\u00bb1_3&Prime; _builder_version=\u00a0\u00bb4.27.4&Prime; _module_preset=\u00a0\u00bbdefault\u00a0\u00bb global_colors_info=\u00a0\u00bb{}\u00a0\u00bb][et_pb_text _builder_version=\u00a0\u00bb4.27.4&Prime; _module_preset=\u00a0\u00bbdefault\u00a0\u00bb hover_enabled=\u00a0\u00bb0&Prime; global_colors_info=\u00a0\u00bb{}\u00a0\u00bb sticky_enabled=\u00a0\u00bb0&Prime;]<h1><strong>Balades avec les \u00e2nes<br \/><\/strong><\/h1>\n<p><strong>avec les \u00e2nes du Cotentin <\/strong><strong>et les \u00e2nes de la Presqu&rsquo;\u00eele<br \/><\/strong><\/p>[\/et_pb_text][et_pb_image src=\u00a0\u00bbhttps:\/\/fetedelabio.org\/2025\/wp-content\/uploads\/sites\/3\/2025\/05\/anes-du-cotentin.webp\u00a0\u00bb _builder_version=\u00a0\u00bb4.27.4&Prime; _module_preset=\u00a0\u00bbdefault\u00a0\u00bb title_text=\u00a0\u00bbanes du cotentin\u00a0\u00bb hover_enabled=\u00a0\u00bb0&Prime; sticky_enabled=\u00a0\u00bb0&Prime;][\/et_pb_image][\/et_pb_column][et_pb_column type=\u00a0\u00bb1_3&Prime; _builder_version=\u00a0\u00bb4.27.4&Prime; _module_preset=\u00a0\u00bbdefault\u00a0\u00bb global_colors_info=\u00a0\u00bb{}\u00a0\u00bb][et_pb_text _builder_version=\u00a0\u00bb4.27.4&Prime; _module_preset=\u00a0\u00bbdefault\u00a0\u00bb hover_enabled=\u00a0\u00bb0&Prime; global_colors_info=\u00a0\u00bb{}\u00a0\u00bb sticky_enabled=\u00a0\u00bb0&Prime;]<h1><strong>Balades en cal\u00e8che<br \/><\/strong><\/h1>\n<p><strong>avec Denis Dubos<br \/><\/strong><\/p>[\/et_pb_text][et_pb_image src=\u00a0\u00bbhttps:\/\/fetedelabio.org\/2025\/wp-content\/uploads\/sites\/3\/2025\/05\/caleche.jpg\u00a0\u00bb _builder_version=\u00a0\u00bb4.27.4&Prime; _module_preset=\u00a0\u00bbdefault\u00a0\u00bb title_text=\u00a0\u00bbcaleche\u00a0\u00bb hover_enabled=\u00a0\u00bb0&Prime; sticky_enabled=\u00a0\u00bb0&Prime;][\/et_pb_image][\/et_pb_column][\/et_pb_row][\/et_pb_section]\n","protected":false},"excerpt":{"rendered":"<p>ANIMATIONSSAMEDI \u00e0 partir de 11h00 DIMANCHE \u00e0 partir de 10h00 &nbsp;BaladesInitiationPhoto animali\u00e8re avec Julien BalidasSamedi : 11h et 14h Dimanche : 11h et 14hAteliersVannerie avec Marie de Haut les BrinsPain et viennoiserie avec le TroubafourLactofermentation avec La Mare MitonneSamedi : 16h30 Dimanche : 14hSamedi : 15h Dimanche : 15hDimanche : 11h30Mais aussi tout au long [&hellip;]<\/p>\n","protected":false},"author":2,"featured_media":0,"parent":0,"menu_order":0,"comment_status":"closed","ping_status":"closed","template":"","meta":{"_et_pb_use_builder":"on","_et_pb_old_content":"","_et_gb_content_width":"","footnotes":""},"class_list":["post-506","page","type-page","status-publish","hentry"],"yoast_head":"<!-- This site is optimized with the Yoast SEO plugin v24.2 - https:\/\/yoast.com\/wordpress\/plugins\/seo\/ -->\n<title>Animations - La F\u00eate de la Bio - \u00c9dition 2025<\/title>\n<meta name=\"robots\" content=\"index, follow, max-snippet:-1, max-image-preview:large, max-video-preview:-1\" \/>\n<link rel=\"canonical\" href=\"https:\/\/fetedelabio.org\/2025\/animations\/\" \/>\n<meta property=\"og:locale\" content=\"fr_FR\" \/>\n<meta property=\"og:type\" content=\"article\" \/>\n<meta property=\"og:title\" content=\"Animations - La F\u00eate de la Bio - \u00c9dition 2025\" \/>\n<meta property=\"og:description\" content=\"ANIMATIONSSAMEDI \u00e0 partir de 11h00 DIMANCHE \u00e0 partir de 10h00 &nbsp;BaladesInitiationPhoto animali\u00e8re avec Julien BalidasSamedi : 11h et 14h Dimanche : 11h et 14hAteliersVannerie avec Marie de Haut les BrinsPain et viennoiserie avec le TroubafourLactofermentation avec La Mare MitonneSamedi : 16h30 Dimanche : 14hSamedi : 15h Dimanche : 15hDimanche : 11h30Mais aussi tout au long [&hellip;]\" \/>\n<meta property=\"og:url\" content=\"https:\/\/fetedelabio.org\/2025\/animations\/\" \/>\n<meta property=\"og:site_name\" content=\"La F\u00eate de la Bio - \u00c9dition 2025\" \/>\n<meta property=\"article:publisher\" content=\"https:\/\/www.facebook.com\/fetedelabionormandie\" \/>\n<meta property=\"article:modified_time\" content=\"2025-05-24T16:25:21+00:00\" \/>\n<meta name=\"twitter:card\" content=\"summary_large_image\" \/>\n<meta name=\"twitter:label1\" content=\"Dur\u00e9e de lecture estim\u00e9e\" \/>\n\t<meta name=\"twitter:data1\" content=\"3 minutes\" \/>\n<script type=\"application\/ld+json\" class=\"yoast-schema-graph\">{\"@context\":\"https:\/\/schema.org\",\"@graph\":[{\"@type\":\"WebPage\",\"@id\":\"https:\/\/fetedelabio.org\/2025\/animations\/\",\"url\":\"https:\/\/fetedelabio.org\/2025\/animations\/\",\"name\":\"Animations - La F\u00eate de la Bio - \u00c9dition 2025\",\"isPartOf\":{\"@id\":\"https:\/\/fetedelabio.org\/2025\/#website\"},\"datePublished\":\"2025-05-24T16:25:20+00:00\",\"dateModified\":\"2025-05-24T16:25:21+00:00\",\"breadcrumb\":{\"@id\":\"https:\/\/fetedelabio.org\/2025\/animations\/#breadcrumb\"},\"inLanguage\":\"fr-FR\",\"potentialAction\":[{\"@type\":\"ReadAction\",\"target\":[\"https:\/\/fetedelabio.org\/2025\/animations\/\"]}]},{\"@type\":\"BreadcrumbList\",\"@id\":\"https:\/\/fetedelabio.org\/2025\/animations\/#breadcrumb\",\"itemListElement\":[{\"@type\":\"ListItem\",\"position\":1,\"name\":\"Accueil\",\"item\":\"https:\/\/fetedelabio.org\/2025\/\"},{\"@type\":\"ListItem\",\"position\":2,\"name\":\"Animations\"}]},{\"@type\":\"WebSite\",\"@id\":\"https:\/\/fetedelabio.org\/2025\/#website\",\"url\":\"https:\/\/fetedelabio.org\/2025\/\",\"name\":\"La F\u00eate de la Bio - \u00c9dition 2025\",\"description\":\"\",\"publisher\":{\"@id\":\"https:\/\/fetedelabio.org\/2025\/#organization\"},\"potentialAction\":[{\"@type\":\"SearchAction\",\"target\":{\"@type\":\"EntryPoint\",\"urlTemplate\":\"https:\/\/fetedelabio.org\/2025\/?s={search_term_string}\"},\"query-input\":{\"@type\":\"PropertyValueSpecification\",\"valueRequired\":true,\"valueName\":\"search_term_string\"}}],\"inLanguage\":\"fr-FR\"},{\"@type\":\"Organization\",\"@id\":\"https:\/\/fetedelabio.org\/2025\/#organization\",\"name\":\"La F\u00eate de la Bio - \u00c9dition 2025\",\"url\":\"https:\/\/fetedelabio.org\/2025\/\",\"logo\":{\"@type\":\"ImageObject\",\"inLanguage\":\"fr-FR\",\"@id\":\"https:\/\/fetedelabio.org\/2025\/#\/schema\/logo\/image\/\",\"url\":\"https:\/\/fetedelabio.org\/2025\/wp-content\/uploads\/sites\/3\/2025\/03\/Logo.png\",\"contentUrl\":\"https:\/\/fetedelabio.org\/2025\/wp-content\/uploads\/sites\/3\/2025\/03\/Logo.png\",\"width\":3648,\"height\":2580,\"caption\":\"La F\u00eate de la Bio - \u00c9dition 2025\"},\"image\":{\"@id\":\"https:\/\/fetedelabio.org\/2025\/#\/schema\/logo\/image\/\"},\"sameAs\":[\"https:\/\/www.facebook.com\/fetedelabionormandie\",\"https:\/\/www.instagram.com\/fetedelabionormandie\/\"]}]}<\/script>\n<!-- \/ Yoast SEO plugin. -->","yoast_head_json":{"title":"Animations - La F\u00eate de la Bio - \u00c9dition 2025","robots":{"index":"index","follow":"follow","max-snippet":"max-snippet:-1","max-image-preview":"max-image-preview:large","max-video-preview":"max-video-preview:-1"},"canonical":"https:\/\/fetedelabio.org\/2025\/animations\/","og_locale":"fr_FR","og_type":"article","og_title":"Animations - La F\u00eate de la Bio - \u00c9dition 2025","og_description":"ANIMATIONSSAMEDI \u00e0 partir de 11h00 DIMANCHE \u00e0 partir de 10h00 &nbsp;BaladesInitiationPhoto animali\u00e8re avec Julien BalidasSamedi : 11h et 14h Dimanche : 11h et 14hAteliersVannerie avec Marie de Haut les BrinsPain et viennoiserie avec le TroubafourLactofermentation avec La Mare MitonneSamedi : 16h30 Dimanche : 14hSamedi : 15h Dimanche : 15hDimanche : 11h30Mais aussi tout au long [&hellip;]","og_url":"https:\/\/fetedelabio.org\/2025\/animations\/","og_site_name":"La F\u00eate de la Bio - \u00c9dition 2025","article_publisher":"https:\/\/www.facebook.com\/fetedelabionormandie","article_modified_time":"2025-05-24T16:25:21+00:00","twitter_card":"summary_large_image","twitter_misc":{"Dur\u00e9e de lecture estim\u00e9e":"3 minutes"},"schema":{"@context":"https:\/\/schema.org","@graph":[{"@type":"WebPage","@id":"https:\/\/fetedelabio.org\/2025\/animations\/","url":"https:\/\/fetedelabio.org\/2025\/animations\/","name":"Animations - La F\u00eate de la Bio - \u00c9dition 2025","isPartOf":{"@id":"https:\/\/fetedelabio.org\/2025\/#website"},"datePublished":"2025-05-24T16:25:20+00:00","dateModified":"2025-05-24T16:25:21+00:00","breadcrumb":{"@id":"https:\/\/fetedelabio.org\/2025\/animations\/#breadcrumb"},"inLanguage":"fr-FR","potentialAction":[{"@type":"ReadAction","target":["https:\/\/fetedelabio.org\/2025\/animations\/"]}]},{"@type":"BreadcrumbList","@id":"https:\/\/fetedelabio.org\/2025\/animations\/#breadcrumb","itemListElement":[{"@type":"ListItem","position":1,"name":"Accueil","item":"https:\/\/fetedelabio.org\/2025\/"},{"@type":"ListItem","position":2,"name":"Animations"}]},{"@type":"WebSite","@id":"https:\/\/fetedelabio.org\/2025\/#website","url":"https:\/\/fetedelabio.org\/2025\/","name":"La F\u00eate de la Bio - \u00c9dition 2025","description":"","publisher":{"@id":"https:\/\/fetedelabio.org\/2025\/#organization"},"potentialAction":[{"@type":"SearchAction","target":{"@type":"EntryPoint","urlTemplate":"https:\/\/fetedelabio.org\/2025\/?s={search_term_string}"},"query-input":{"@type":"PropertyValueSpecification","valueRequired":true,"valueName":"search_term_string"}}],"inLanguage":"fr-FR"},{"@type":"Organization","@id":"https:\/\/fetedelabio.org\/2025\/#organization","name":"La F\u00eate de la Bio - \u00c9dition 2025","url":"https:\/\/fetedelabio.org\/2025\/","logo":{"@type":"ImageObject","inLanguage":"fr-FR","@id":"https:\/\/fetedelabio.org\/2025\/#\/schema\/logo\/image\/","url":"https:\/\/fetedelabio.org\/2025\/wp-content\/uploads\/sites\/3\/2025\/03\/Logo.png","contentUrl":"https:\/\/fetedelabio.org\/2025\/wp-content\/uploads\/sites\/3\/2025\/03\/Logo.png","width":3648,"height":2580,"caption":"La F\u00eate de la Bio - \u00c9dition 2025"},"image":{"@id":"https:\/\/fetedelabio.org\/2025\/#\/schema\/logo\/image\/"},"sameAs":["https:\/\/www.facebook.com\/fetedelabionormandie","https:\/\/www.instagram.com\/fetedelabionormandie\/"]}]}},"_links":{"self":[{"href":"https:\/\/fetedelabio.org\/2025\/wp-json\/wp\/v2\/pages\/506","targetHints":{"allow":["GET"]}}],"collection":[{"href":"https:\/\/fetedelabio.org\/2025\/wp-json\/wp\/v2\/pages"}],"about":[{"href":"https:\/\/fetedelabio.org\/2025\/wp-json\/wp\/v2\/types\/page"}],"author":[{"embeddable":true,"href":"https:\/\/fetedelabio.org\/2025\/wp-json\/wp\/v2\/users\/2"}],"replies":[{"embeddable":true,"href":"https:\/\/fetedelabio.org\/2025\/wp-json\/wp\/v2\/comments?post=506"}],"version-history":[{"count":5,"href":"https:\/\/fetedelabio.org\/2025\/wp-json\/wp\/v2\/pages\/506\/revisions"}],"predecessor-version":[{"id":616,"href":"https:\/\/fetedelabio.org\/2025\/wp-json\/wp\/v2\/pages\/506\/revisions\/616"}],"wp:attachment":[{"href":"https:\/\/fetedelabio.org\/2025\/wp-json\/wp\/v2\/media?parent=506"}],"curies":[{"name":"wp","href":"https:\/\/api.w.org\/{rel}","templated":true}]}}